{"id":25771,"date":"2026-03-11T08:12:25","date_gmt":"2026-03-11T06:12:25","guid":{"rendered":"https:\/\/www.facsa.com\/municipios\/?page_id=25771"},"modified":"2026-03-11T08:12:25","modified_gmt":"2026-03-11T06:12:25","slug":"a-auga","status":"publish","type":"page","link":"https:\/\/www.facsa.com\/municipios\/a-auga\/","title":{"rendered":"A AUGA"},"content":{"rendered":"<p>[et_pb_section fb_built=\u00bb1&#8243; fullwidth=\u00bbon\u00bb _builder_version=\u00bb4.16&#8243; custom_margin=\u00bb-23px||||false|false\u00bb global_colors_info=\u00bb{}\u00bb][et_pb_fullwidth_slider _builder_version=\u00bb4.16&#8243; custom_padding=\u00bb|||\u00bb custom_padding_tablet=\u00bb|||\u00bb custom_padding_phone=\u00bb|||\u00bb box_shadow_style=\u00bbpreset6&#8243; box_shadow_blur=\u00bb10px\u00bb box_shadow_color=\u00bbrgba(0,0,0,0.1)\u00bb button_letter_spacing_hover=\u00bb0&#8243; remove_inner_shadow=\u00bboff\u00bb hide_content_on_mobile=\u00bboff\u00bb hide_cta_on_mobile=\u00bboff\u00bb show_inner_shadow=\u00bbon\u00bb global_colors_info=\u00bb{}\u00bb button_text_size__hover_enabled=\u00bboff\u00bb button_one_text_size__hover_enabled=\u00bboff\u00bb button_two_text_size__hover_enabled=\u00bboff\u00bb button_text_color__hover_enabled=\u00bboff\u00bb button_one_text_color__hover_enabled=\u00bboff\u00bb button_two_text_color__hover_enabled=\u00bboff\u00bb button_border_width__hover_enabled=\u00bboff\u00bb button_one_border_width__hover_enabled=\u00bboff\u00bb button_two_border_width__hover_enabled=\u00bboff\u00bb button_border_color__hover_enabled=\u00bboff\u00bb button_one_border_color__hover_enabled=\u00bboff\u00bb button_two_border_color__hover_enabled=\u00bboff\u00bb button_border_radius__hover_enabled=\u00bboff\u00bb button_one_border_radius__hover_enabled=\u00bboff\u00bb button_two_border_radius__hover_enabled=\u00bboff\u00bb button_letter_spacing__hover_enabled=\u00bbon\u00bb button_letter_spacing__hover=\u00bb0&#8243; button_one_letter_spacing__hover_enabled=\u00bboff\u00bb button_two_letter_spacing__hover_enabled=\u00bboff\u00bb button_bg_color__hover_enabled=\u00bboff\u00bb button_one_bg_color__hover_enabled=\u00bboff\u00bb button_two_bg_color__hover_enabled=\u00bboff\u00bb][et_pb_slide admin_title=\u00bbel agua\u00bb _builder_version=\u00bb4.16&#8243; header_font=\u00bbLato|900|||||||\u00bb background_color=\u00bb#ffffff\u00bb background_image=\u00bbhttps:\/\/www.facsa.com\/municipios\/wp-content\/uploads\/2022\/07\/Nina_Vaso_Agua_bajacalidad.jpg\u00bb background_enable_image=\u00bbon\u00bb button_icon_placement=\u00bbright\u00bb button_on_hover=\u00bbon\u00bb global_colors_info=\u00bb{}\u00bb button_text_size__hover_enabled=\u00bboff\u00bb button_one_text_size__hover_enabled=\u00bboff\u00bb button_two_text_size__hover_enabled=\u00bboff\u00bb button_text_color__hover_enabled=\u00bboff\u00bb button_one_text_color__hover_enabled=\u00bboff\u00bb button_two_text_color__hover_enabled=\u00bboff\u00bb button_border_width__hover_enabled=\u00bboff\u00bb button_one_border_width__hover_enabled=\u00bboff\u00bb button_two_border_width__hover_enabled=\u00bboff\u00bb button_border_color__hover_enabled=\u00bboff\u00bb button_one_border_color__hover_enabled=\u00bboff\u00bb button_two_border_color__hover_enabled=\u00bboff\u00bb button_border_radius__hover_enabled=\u00bboff\u00bb button_one_border_radius__hover_enabled=\u00bboff\u00bb button_two_border_radius__hover_enabled=\u00bboff\u00bb button_letter_spacing__hover_enabled=\u00bboff\u00bb button_one_letter_spacing__hover_enabled=\u00bboff\u00bb button_two_letter_spacing__hover_enabled=\u00bboff\u00bb button_bg_color__hover_enabled=\u00bboff\u00bb button_one_bg_color__hover_enabled=\u00bboff\u00bb button_two_bg_color__hover_enabled=\u00bboff\u00bb sticky_transition=\u00bbon\u00bb][\/et_pb_slide][\/et_pb_fullwidth_slider][\/et_pb_section][et_pb_section fb_built=\u00bb1&#8243; fullwidth=\u00bbon\u00bb admin_label=\u00bbbloque con nombre municipio\u00bb _builder_version=\u00bb4.16&#8243; width=\u00bb100%\u00bb max_width=\u00bb100%\u00bb module_alignment=\u00bbcenter\u00bb custom_margin=\u00bb17px||||false|false\u00bb locked=\u00bboff\u00bb global_colors_info=\u00bb{}\u00bb][et_pb_fullwidth_header title=\u00bbA auga\u00bb text_orientation=\u00bbcenter\u00bb content_max_width=\u00bb1920px\u00bb admin_label=\u00bbt\u00edtulo del municipio\u00bb _builder_version=\u00bb4.16&#8243; title_font=\u00bb|700|||||||\u00bb title_text_color=\u00bb#00537f\u00bb title_font_size=\u00bb40px\u00bb title_line_height=\u00bb1.1em\u00bb subhead_font=\u00bb||||||||\u00bb subhead_text_align=\u00bbcenter\u00bb subhead_text_color=\u00bb#00537f\u00bb subhead_font_size=\u00bb35px\u00bb subhead_letter_spacing=\u00bb1px\u00bb subhead_line_height=\u00bb1.1em\u00bb background_color=\u00bbrgba(255, 255, 255, 0)\u00bb background_size=\u00bbinitial\u00bb background_position=\u00bbtop_left\u00bb background_repeat=\u00bbrepeat\u00bb background_layout=\u00bblight\u00bb width=\u00bb100%\u00bb max_width=\u00bb100%\u00bb module_alignment=\u00bbcenter\u00bb custom_margin=\u00bb0px|0px|0px|0px|false|false\u00bb custom_padding=\u00bb0px|0px|0px|0px|false|false\u00bb global_colors_info=\u00bb{}\u00bb button_one_text_size__hover_enabled=\u00bboff\u00bb button_two_text_size__hover_enabled=\u00bboff\u00bb button_one_text_color__hover_enabled=\u00bboff\u00bb button_two_text_color__hover_enabled=\u00bboff\u00bb button_one_border_width__hover_enabled=\u00bboff\u00bb button_two_border_width__hover_enabled=\u00bboff\u00bb button_one_border_color__hover_enabled=\u00bboff\u00bb button_two_border_color__hover_enabled=\u00bboff\u00bb button_one_border_radius__hover_enabled=\u00bboff\u00bb button_two_border_radius__hover_enabled=\u00bboff\u00bb button_one_letter_spacing__hover_enabled=\u00bboff\u00bb button_two_letter_spacing__hover_enabled=\u00bboff\u00bb button_one_bg_color__hover_enabled=\u00bboff\u00bb button_two_bg_color__hover_enabled=\u00bboff\u00bb][\/et_pb_fullwidth_header][\/et_pb_section][et_pb_section fb_built=\u00bb1&#8243; custom_padding_last_edited=\u00bbon|desktop\u00bb admin_label=\u00bbsection\u00bb _builder_version=\u00bb4.16&#8243; custom_padding=\u00bb|||\u00bb custom_padding_tablet=\u00bb50px|0|50px|0&#8243; custom_padding_phone=\u00bb\u00bb transparent_background=\u00bboff\u00bb padding_mobile=\u00bboff\u00bb make_fullwidth=\u00bboff\u00bb use_custom_width=\u00bboff\u00bb width_unit=\u00bbon\u00bb global_colors_info=\u00bb{}\u00bb][et_pb_row column_structure=\u00bb1_2,1_2&#8243; column_padding_mobile=\u00bbon\u00bb admin_label=\u00bbrow\u00bb _builder_version=\u00bb4.16&#8243; background_size=\u00bbinitial\u00bb background_position=\u00bbtop_left\u00bb background_repeat=\u00bbrepeat\u00bb max_width=\u00bb777px\u00bb custom_margin=\u00bb0px||||false|false\u00bb custom_padding=\u00bb0px||||false|false\u00bb make_fullwidth=\u00bboff\u00bb use_custom_width=\u00bbon\u00bb width_unit=\u00bbon\u00bb custom_width_px=\u00bb777px\u00bb global_colors_info=\u00bb{}\u00bb][et_pb_column type=\u00bb1_2&#8243; _builder_version=\u00bb4.16&#8243; custom_padding=\u00bb||0|\u00bb global_colors_info=\u00bb{}\u00bb custom_padding__hover=\u00bb|||\u00bb][et_pb_blurb title=\u00bbConsellos para aforrar auga\u00bb url=\u00bbhttps:\/\/www.facsa.com\/amamos-el-agua\/#consumo\u00bb url_new_window=\u00bbon\u00bb image=\u00bbhttps:\/\/www.facsa.com\/municipios\/wp-content\/uploads\/2022\/07\/G_icono_consejos.png\u00bb admin_label=\u00bbTarifas\u00bb _builder_version=\u00bb4.27.2&#8243; _module_preset=\u00bbdefault\u00bb header_font=\u00bb|700|||||||\u00bb header_text_align=\u00bbcenter\u00bb header_text_color=\u00bb#969696&#8243; header_font_size=\u00bb23px\u00bb header_letter_spacing=\u00bb1px\u00bb body_text_color=\u00bb#969696&#8243; child_filter_saturate=\u00bb90%\u00bb link_option_url=\u00bbhttps:\/\/www.facsa.com\/amamos-el-agua\/#consumo\u00bb link_option_url_new_window=\u00bbon\u00bb hover_enabled=\u00bb0&#8243; locked=\u00bboff\u00bb global_colors_info=\u00bb{}\u00bb child_filter_hue_rotate__hover_enabled=\u00bbon|hover\u00bb image__hover_enabled=\u00bbon|hover\u00bb image__hover=\u00bbhttps:\/\/www.facsa.com\/municipios\/wp-content\/uploads\/2022\/07\/A_icono_consejos.png\u00bb header_text_color__hover_enabled=\u00bbon|hover\u00bb header_text_color__hover=\u00bb#00537f\u00bb body_text_color__hover_enabled=\u00bbon|hover\u00bb body_text_color__hover=\u00bb#00537f\u00bb sticky_enabled=\u00bb0&#8243;]&nbsp;<\/p>\n<p><span style=\"font-weight: 400;\">A auga \u00e9 un ben escaso e un consumo excesivo pode desequilibrar a nosa contorna natural. Polo tanto, c\u00f3mpre tomar conciencia do gran valor e utilidade que ten para ti e os teus. Sair\u00e1s ga\u00f1ando no recibo da subministraci\u00f3n e axudar\u00e1s o medio ambiente, garantindo as\u00ed o abastecemento presente e futuro.<\/span><\/p>\n<p><em><a href=\"https:\/\/www.facsa.com\/amamos-el-agua\/#consumo\" target=\"_blank\" rel=\"noopener\">Ler m\u00e1is [&#8230;]<\/a><\/em>[\/et_pb_blurb][\/et_pb_column][et_pb_column type=\u00bb1_2&#8243; _builder_version=\u00bb4.16&#8243; custom_padding=\u00bb||0|\u00bb global_colors_info=\u00bb{}\u00bb custom_padding__hover=\u00bb|||\u00bb][et_pb_blurb title=\u00bbBeneficios da auga\u00bb url=\u00bbhttp:\/\/www.facsa.com\/el-agua\/beneficios-del-agua#.VgLJgBGqpHw\u00bb url_new_window=\u00bbon\u00bb image=\u00bbhttps:\/\/www.facsa.com\/municipios\/wp-content\/uploads\/2022\/07\/G_icono_beneficios.png\u00bb admin_label=\u00bbTarifas\u00bb _builder_version=\u00bb4.27.2&#8243; _module_preset=\u00bbdefault\u00bb header_font=\u00bb|700|||||||\u00bb header_text_align=\u00bbcenter\u00bb header_text_color=\u00bb#969696&#8243; header_font_size=\u00bb23px\u00bb header_letter_spacing=\u00bb1px\u00bb body_text_color=\u00bb#969696&#8243; child_filter_saturate=\u00bb90%\u00bb link_option_url=\u00bbhttp:\/\/www.facsa.com\/el-agua\/beneficios-del-agua#.VgLJgBGqpHw\u00bb link_option_url_new_window=\u00bbon\u00bb hover_enabled=\u00bb0&#8243; locked=\u00bboff\u00bb global_colors_info=\u00bb{}\u00bb child_filter_hue_rotate__hover_enabled=\u00bbon|hover\u00bb image__hover_enabled=\u00bbon|hover\u00bb image__hover=\u00bbhttps:\/\/www.facsa.com\/municipios\/wp-content\/uploads\/2022\/07\/A_icono_beneficios.png\u00bb header_text_color__hover_enabled=\u00bbon|hover\u00bb header_text_color__hover=\u00bb#00537f\u00bb body_text_color__hover_enabled=\u00bbon|hover\u00bb body_text_color__hover=\u00bb#00537f\u00bb sticky_enabled=\u00bb0&#8243;]<\/p>\n<p>&nbsp;<\/p>\n<p><span style=\"font-weight: 400;\">A auga \u00e9 o principal e imprescindible compo\u00f1ente do corpo humano. O corpo humano ten un 75 % de auga ao nacer e preto do 60 % na idade adulta. O cerebro cont\u00e9n un 75 % de auga; o sangue, un 92 %; os \u00f3sos, un 22 % e os m\u00fasculos, un 75 %. Beber a cantidade adecuada de auga \u00e9 vital para a t\u00faa sa\u00fade.\u00a0 Por que?<\/span><\/p>\n<p><em><a href=\"http:\/\/www.facsa.com\/el-agua\/beneficios-del-agua#.VgLJgBGqpHw\">Ler m\u00e1is [&#8230;]<\/a><\/em><\/p>\n<p>[\/et_pb_blurb][\/et_pb_column][\/et_pb_row][\/et_pb_section][et_pb_section fb_built=\u00bb1&#8243; admin_label=\u00bbsection\u00bb _builder_version=\u00bb4.16&#8243; custom_margin=\u00bb-48px||||false|false\u00bb global_colors_info=\u00bb{}\u00bb][et_pb_row column_structure=\u00bb1_2,1_2&#8243; column_padding_mobile=\u00bbon\u00bb admin_label=\u00bbrow\u00bb _builder_version=\u00bb4.16&#8243; background_size=\u00bbinitial\u00bb background_position=\u00bbtop_left\u00bb background_repeat=\u00bbrepeat\u00bb max_width=\u00bb777px\u00bb custom_margin=\u00bb-41px||||false|false\u00bb custom_padding=\u00bb0px||||false|false\u00bb make_fullwidth=\u00bboff\u00bb use_custom_width=\u00bbon\u00bb width_unit=\u00bbon\u00bb custom_width_px=\u00bb777px\u00bb global_colors_info=\u00bb{}\u00bb][et_pb_column type=\u00bb1_2&#8243; _builder_version=\u00bb4.16&#8243; custom_padding=\u00bb0|||\u00bb global_colors_info=\u00bb{}\u00bb custom_padding__hover=\u00bb|||\u00bb][et_pb_blurb title=\u00bbCalidade da auga\u00bb url=\u00bbhttp:\/\/www.facsa.com\/el-agua\/Calidad%20del%20agua\u00bb url_new_window=\u00bbon\u00bb image=\u00bbhttps:\/\/www.facsa.com\/municipios\/wp-content\/uploads\/2022\/07\/G_icono_calidad_agua.png\u00bb admin_label=\u00bbTarifas\u00bb _builder_version=\u00bb4.27.2&#8243; _module_preset=\u00bbdefault\u00bb header_font=\u00bb|700|||||||\u00bb header_text_align=\u00bbcenter\u00bb header_text_color=\u00bb#969696&#8243; header_font_size=\u00bb23px\u00bb header_letter_spacing=\u00bb1px\u00bb body_text_color=\u00bb#969696&#8243; child_filter_saturate=\u00bb90%\u00bb link_option_url=\u00bbhttp:\/\/www.facsa.com\/el-agua\/Calidad%20del%20agua\u00bb link_option_url_new_window=\u00bbon\u00bb hover_enabled=\u00bb0&#8243; locked=\u00bboff\u00bb global_colors_info=\u00bb{}\u00bb child_filter_hue_rotate__hover_enabled=\u00bbon|hover\u00bb image__hover_enabled=\u00bbon|hover\u00bb image__hover=\u00bbhttps:\/\/www.facsa.com\/municipios\/wp-content\/uploads\/2022\/07\/A_icono_calidad_agua.png\u00bb header_text_color__hover_enabled=\u00bbon|hover\u00bb header_text_color__hover=\u00bb#00537f\u00bb body_text_color__hover_enabled=\u00bbon|hover\u00bb body_text_color__hover=\u00bb#00537f\u00bb sticky_enabled=\u00bb0&#8243;]<\/p>\n<p>&nbsp;<\/p>\n<p><span style=\"font-weight: 400;\">A calidade da auga determ\u00ednase comparando as caracter\u00edsticas f\u00edsicas e qu\u00edmicas da mesma. O cloro, que \u00e9 o axente desinfectante m\u00e1is utilizado na rede de abastecemento, e a dureza, que mide a concentraci\u00f3n de compostos minerais como poden ser o magnesio ou o calcio, son d\u00faas das variables que determinan a calidade da auga.<\/span><\/p>\n<p><em><a href=\"http:\/\/www.facsa.com\/el-agua\/Calidad%20del%20agua\" target=\"_blank\" rel=\"noopener\">Ler m\u00e1is [&#8230;]<\/a><\/em><\/p>\n<p>[\/et_pb_blurb][\/et_pb_column][et_pb_column type=\u00bb1_2&#8243; _builder_version=\u00bb4.16&#8243; custom_padding=\u00bb0|||\u00bb global_colors_info=\u00bb{}\u00bb custom_padding__hover=\u00bb|||\u00bb][et_pb_blurb title=\u00bbLexislaci\u00f3n da auga\u00bb url=\u00bbhttp:\/\/www.facsa.com\/el-agua\/legislacion-del-agua#.VgLS-hGqpHw\u00bb url_new_window=\u00bbon\u00bb image=\u00bbhttps:\/\/www.facsa.com\/municipios\/wp-content\/uploads\/2022\/07\/G_icono_lesgislacion.png\u00bb admin_label=\u00bbTarifas\u00bb _builder_version=\u00bb4.27.2&#8243; _module_preset=\u00bbdefault\u00bb header_font=\u00bb|700|||||||\u00bb header_text_align=\u00bbcenter\u00bb header_text_color=\u00bb#969696&#8243; header_font_size=\u00bb23px\u00bb header_letter_spacing=\u00bb1px\u00bb body_text_color=\u00bb#969696&#8243; child_filter_saturate=\u00bb90%\u00bb link_option_url=\u00bbhttp:\/\/www.facsa.com\/el-agua\/legislacion-del-agua#.VgLS-hGqpHw\u00bb link_option_url_new_window=\u00bbon\u00bb hover_enabled=\u00bb0&#8243; locked=\u00bboff\u00bb global_colors_info=\u00bb{}\u00bb child_filter_hue_rotate__hover_enabled=\u00bbon|hover\u00bb image__hover_enabled=\u00bbon|hover\u00bb image__hover=\u00bbhttps:\/\/www.facsa.com\/municipios\/wp-content\/uploads\/2022\/07\/A_icono_lesgislacion.png\u00bb header_text_color__hover_enabled=\u00bbon|hover\u00bb header_text_color__hover=\u00bb#00537f\u00bb body_text_color__hover_enabled=\u00bbon|hover\u00bb body_text_color__hover=\u00bb#00537f\u00bb sticky_enabled=\u00bb0&#8243;]<\/p>\n<p>&nbsp;<\/p>\n<p><span style=\"font-weight: 400;\">A xesti\u00f3n da auga \u00e9 unha das actividades m\u00e1is reguladas que existen. A Directiva Marco da Auga (DMA), da lexislaci\u00f3n europea, establece que a auga deixa de considerarse exclusivamente como recurso e config\u00farase como un elemento b\u00e1sico dos ecosistemas h\u00eddricos e unha parte fundamental para o sostemento dunha boa calidade ambiental.<\/span><\/p>\n<p><em><a href=\"http:\/\/www.facsa.com\/el-agua\/legislacion-del-agua#.VgLS-hGqpHw\" target=\"_blank\" rel=\"noopener\">Ler m\u00e1is [&#8230;]<\/a><\/em><\/p>\n<p>[\/et_pb_blurb][\/et_pb_column][\/et_pb_row][\/et_pb_section][et_pb_section fb_built=\u00bb1&#8243; admin_label=\u00bbsection\u00bb _builder_version=\u00bb4.16&#8243; custom_margin=\u00bb-48px||||false|false\u00bb global_colors_info=\u00bb{}\u00bb][et_pb_row column_structure=\u00bb1_2,1_2&#8243; padding_mobile=\u00bboff\u00bb column_padding_mobile=\u00bbon\u00bb admin_label=\u00bbrow\u00bb _builder_version=\u00bb4.16&#8243; background_size=\u00bbinitial\u00bb background_position=\u00bbtop_left\u00bb background_repeat=\u00bbrepeat\u00bb max_width=\u00bb777px\u00bb custom_margin=\u00bb-42px||||false|false\u00bb make_fullwidth=\u00bboff\u00bb use_custom_width=\u00bbon\u00bb width_unit=\u00bbon\u00bb custom_width_px=\u00bb777px\u00bb global_colors_info=\u00bb{}\u00bb][et_pb_column type=\u00bb1_2&#8243; _builder_version=\u00bb4.16&#8243; custom_padding=\u00bb|||\u00bb global_colors_info=\u00bb{}\u00bb custom_padding__hover=\u00bb|||\u00bb][et_pb_blurb title=\u00bbCiclo integral da auga\u00bb url=\u00bbhttp:\/\/www.facsa.com\/el-agua\/ciclo-integral-del-agua#.VgOhRsuqpHw\u00bb url_new_window=\u00bbon\u00bb image=\u00bbhttps:\/\/www.facsa.com\/municipios\/wp-content\/uploads\/2022\/07\/G_icono_ciclo_integral_agua.png\u00bb admin_label=\u00bbTarifas\u00bb _builder_version=\u00bb4.27.2&#8243; _module_preset=\u00bbdefault\u00bb header_font=\u00bb|700|||||||\u00bb header_text_align=\u00bbcenter\u00bb header_text_color=\u00bb#969696&#8243; header_font_size=\u00bb23px\u00bb header_letter_spacing=\u00bb1px\u00bb body_text_color=\u00bb#969696&#8243; child_filter_saturate=\u00bb90%\u00bb link_option_url=\u00bbhttp:\/\/www.facsa.com\/el-agua\/ciclo-integral-del-agua#.VgOhRsuqpHw\u00bb link_option_url_new_window=\u00bbon\u00bb hover_enabled=\u00bb0&#8243; locked=\u00bboff\u00bb global_colors_info=\u00bb{}\u00bb child_filter_hue_rotate__hover_enabled=\u00bbon|hover\u00bb image__hover_enabled=\u00bbon|hover\u00bb image__hover=\u00bbhttps:\/\/www.facsa.com\/municipios\/wp-content\/uploads\/2022\/07\/A_icono_ciclo_integral_agua.png\u00bb header_text_color__hover_enabled=\u00bbon|hover\u00bb header_text_color__hover=\u00bb#00537f\u00bb body_text_color__hover_enabled=\u00bbon|hover\u00bb body_text_color__hover=\u00bb#00537f\u00bb sticky_enabled=\u00bb0&#8243;]<\/p>\n<p>&nbsp;<\/p>\n<p><span style=\"font-weight: 400;\">O ciclo integral da auga \u00e9 o constante percorrido da auga. A evaporaci\u00f3n, condensaci\u00f3n, precipitaci\u00f3n, potabilidade, saneamento, depuraci\u00f3n ou devoluci\u00f3n \u00e1 contorna son algunhas das fases que o completan, preservando o medio ambiente. FACSA leva m\u00e1is de 140 anos traballando no ciclo da auga para que poidamos consumila e reutilizala.<\/span><\/p>\n<p><em><a href=\"http:\/\/www.facsa.com\/el-agua\/ciclo-integral-del-agua#.VgOhRsuqpHw\" target=\"_blank\" rel=\"noopener\">Ler m\u00e1is [&#8230;]<\/a><\/em><\/p>\n<p>[\/et_pb_blurb][\/et_pb_column][et_pb_column type=\u00bb1_2&#8243; _builder_version=\u00bb4.16&#8243; custom_padding=\u00bb|||\u00bb global_colors_info=\u00bb{}\u00bb custom_padding__hover=\u00bb|||\u00bb][et_pb_blurb title=\u00bbSab\u00edas que&#8230;?\u00bb url=\u00bbhttps:\/\/www.facsa.com\/amamos-el-agua\/#planeta\u00bb url_new_window=\u00bbon\u00bb image=\u00bbhttps:\/\/www.facsa.com\/municipios\/wp-content\/uploads\/2022\/07\/G_icono_sabiasque.png\u00bb admin_label=\u00bbTarifas\u00bb _builder_version=\u00bb4.27.2&#8243; _module_preset=\u00bbdefault\u00bb header_font=\u00bb|700|||||||\u00bb header_text_align=\u00bbcenter\u00bb header_text_color=\u00bb#969696&#8243; header_font_size=\u00bb23px\u00bb header_letter_spacing=\u00bb1px\u00bb body_text_color=\u00bb#969696&#8243; child_filter_saturate=\u00bb90%\u00bb link_option_url=\u00bbhttps:\/\/www.facsa.com\/amamos-el-agua\/#planeta\u00bb link_option_url_new_window=\u00bbon\u00bb hover_enabled=\u00bb0&#8243; locked=\u00bboff\u00bb global_colors_info=\u00bb{}\u00bb child_filter_hue_rotate__hover_enabled=\u00bbon|hover\u00bb image__hover_enabled=\u00bbon|hover\u00bb image__hover=\u00bbhttps:\/\/www.facsa.com\/municipios\/wp-content\/uploads\/2022\/07\/A_icono_sabiasque.png\u00bb header_text_color__hover_enabled=\u00bbon|hover\u00bb header_text_color__hover=\u00bb#00537f\u00bb body_text_color__hover_enabled=\u00bbon|hover\u00bb body_text_color__hover=\u00bb#00537f\u00bb sticky_enabled=\u00bb0&#8243;]<\/p>\n<p>&nbsp;<\/p>\n<p><span style=\"font-weight: 400;\">A auga \u00e9\u2026 fonte de enerx\u00eda, recurso renovable, substancia reguladora da temperatura da terra, axente responsable da transformaci\u00f3n das rochas e da paisaxe.<\/span><\/p>\n<p><span style=\"font-weight: 400;\">Se o 66 % do noso corpo \u00e9 auga, no cerebro esa proporci\u00f3n alcanza o 93 %.<\/span><\/p>\n<p><em><a href=\"https:\/\/www.facsa.com\/amamos-el-agua\/#planeta\" target=\"_blank\" rel=\"noopener\">Ler m\u00e1is [&#8230;]<\/a><\/em><\/p>\n<p>[\/et_pb_blurb][\/et_pb_column][\/et_pb_row][\/et_pb_section]<\/p>\n","protected":false},"excerpt":{"rendered":"<p>&nbsp; A auga \u00e9 un ben escaso e un consumo excesivo pode desequilibrar a nosa contorna natural. Polo tanto, c\u00f3mpre tomar conciencia do gran valor e utilidade que ten para ti e os teus. Sair\u00e1s ga\u00f1ando no recibo da subministraci\u00f3n e axudar\u00e1s o medio ambiente, garantindo as\u00ed o abastecemento presente e futuro. Ler m\u00e1is [&#8230;]&nbsp; [&hellip;]<\/p>\n","protected":false},"author":4,"featured_media":0,"parent":0,"menu_order":2,"comment_status":"closed","ping_status":"closed","template":"","meta":{"_et_pb_use_builder":"on","_et_pb_old_content":"","_et_gb_content_width":"","footnotes":""},"class_list":["post-25771","page","type-page","status-publish","hentry"],"yoast_head":"<!-- This site is optimized with the Yoast SEO plugin v26.7 - https:\/\/yoast.com\/wordpress\/plugins\/seo\/ -->\n<title>A AUGA - Municipios FACSA<\/title>\n<meta name=\"robots\" content=\"index, follow, max-snippet:-1, max-image-preview:large, max-video-preview:-1\" \/>\n<link rel=\"canonical\" href=\"https:\/\/www.facsa.com\/municipios\/a-auga\/\" \/>\n<meta property=\"og:locale\" content=\"es_ES\" \/>\n<meta property=\"og:type\" content=\"article\" \/>\n<meta property=\"og:title\" content=\"A AUGA - Municipios FACSA\" \/>\n<meta property=\"og:description\" content=\"&nbsp; A auga \u00e9 un ben escaso e un consumo excesivo pode desequilibrar a nosa contorna natural. Polo tanto, c\u00f3mpre tomar conciencia do gran valor e utilidade que ten para ti e os teus. Sair\u00e1s ga\u00f1ando no recibo da subministraci\u00f3n e axudar\u00e1s o medio ambiente, garantindo as\u00ed o abastecemento presente e futuro. Ler m\u00e1is [...]&nbsp; [&hellip;]\" \/>\n<meta property=\"og:url\" content=\"https:\/\/www.facsa.com\/municipios\/a-auga\/\" \/>\n<meta property=\"og:site_name\" content=\"Municipios FACSA\" \/>\n<meta name=\"twitter:card\" content=\"summary_large_image\" \/>\n<meta name=\"twitter:label1\" content=\"Tiempo de lectura\" \/>\n\t<meta name=\"twitter:data1\" content=\"11 minutos\" \/>\n<script type=\"application\/ld+json\" class=\"yoast-schema-graph\">{\"@context\":\"https:\/\/schema.org\",\"@graph\":[{\"@type\":\"WebPage\",\"@id\":\"https:\/\/www.facsa.com\/municipios\/a-auga\/\",\"url\":\"https:\/\/www.facsa.com\/municipios\/a-auga\/\",\"name\":\"A AUGA - Municipios FACSA\",\"isPartOf\":{\"@id\":\"https:\/\/www.facsa.com\/municipios\/#website\"},\"datePublished\":\"2026-03-11T06:12:25+00:00\",\"breadcrumb\":{\"@id\":\"https:\/\/www.facsa.com\/municipios\/a-auga\/#breadcrumb\"},\"inLanguage\":\"es\",\"potentialAction\":[{\"@type\":\"ReadAction\",\"target\":[\"https:\/\/www.facsa.com\/municipios\/a-auga\/\"]}]},{\"@type\":\"BreadcrumbList\",\"@id\":\"https:\/\/www.facsa.com\/municipios\/a-auga\/#breadcrumb\",\"itemListElement\":[{\"@type\":\"ListItem\",\"position\":1,\"name\":\"Portada\",\"item\":\"https:\/\/www.facsa.com\/municipios\/almassora\/\"},{\"@type\":\"ListItem\",\"position\":2,\"name\":\"A AUGA\"}]},{\"@type\":\"WebSite\",\"@id\":\"https:\/\/www.facsa.com\/municipios\/#website\",\"url\":\"https:\/\/www.facsa.com\/municipios\/\",\"name\":\"Municipios FACSA\",\"description\":\"Web de municipios de Facsa\",\"potentialAction\":[{\"@type\":\"SearchAction\",\"target\":{\"@type\":\"EntryPoint\",\"urlTemplate\":\"https:\/\/www.facsa.com\/municipios\/?s={search_term_string}\"},\"query-input\":{\"@type\":\"PropertyValueSpecification\",\"valueRequired\":true,\"valueName\":\"search_term_string\"}}],\"inLanguage\":\"es\"}]}<\/script>\n<!-- \/ Yoast SEO plugin. -->","yoast_head_json":{"title":"A AUGA - Municipios FACSA","robots":{"index":"index","follow":"follow","max-snippet":"max-snippet:-1","max-image-preview":"max-image-preview:large","max-video-preview":"max-video-preview:-1"},"canonical":"https:\/\/www.facsa.com\/municipios\/a-auga\/","og_locale":"es_ES","og_type":"article","og_title":"A AUGA - Municipios FACSA","og_description":"&nbsp; A auga \u00e9 un ben escaso e un consumo excesivo pode desequilibrar a nosa contorna natural. Polo tanto, c\u00f3mpre tomar conciencia do gran valor e utilidade que ten para ti e os teus. Sair\u00e1s ga\u00f1ando no recibo da subministraci\u00f3n e axudar\u00e1s o medio ambiente, garantindo as\u00ed o abastecemento presente e futuro. Ler m\u00e1is [...]&nbsp; [&hellip;]","og_url":"https:\/\/www.facsa.com\/municipios\/a-auga\/","og_site_name":"Municipios FACSA","twitter_card":"summary_large_image","twitter_misc":{"Tiempo de lectura":"11 minutos"},"schema":{"@context":"https:\/\/schema.org","@graph":[{"@type":"WebPage","@id":"https:\/\/www.facsa.com\/municipios\/a-auga\/","url":"https:\/\/www.facsa.com\/municipios\/a-auga\/","name":"A AUGA - Municipios FACSA","isPartOf":{"@id":"https:\/\/www.facsa.com\/municipios\/#website"},"datePublished":"2026-03-11T06:12:25+00:00","breadcrumb":{"@id":"https:\/\/www.facsa.com\/municipios\/a-auga\/#breadcrumb"},"inLanguage":"es","potentialAction":[{"@type":"ReadAction","target":["https:\/\/www.facsa.com\/municipios\/a-auga\/"]}]},{"@type":"BreadcrumbList","@id":"https:\/\/www.facsa.com\/municipios\/a-auga\/#breadcrumb","itemListElement":[{"@type":"ListItem","position":1,"name":"Portada","item":"https:\/\/www.facsa.com\/municipios\/almassora\/"},{"@type":"ListItem","position":2,"name":"A AUGA"}]},{"@type":"WebSite","@id":"https:\/\/www.facsa.com\/municipios\/#website","url":"https:\/\/www.facsa.com\/municipios\/","name":"Municipios FACSA","description":"Web de municipios de Facsa","potentialAction":[{"@type":"SearchAction","target":{"@type":"EntryPoint","urlTemplate":"https:\/\/www.facsa.com\/municipios\/?s={search_term_string}"},"query-input":{"@type":"PropertyValueSpecification","valueRequired":true,"valueName":"search_term_string"}}],"inLanguage":"es"}]}},"_links":{"self":[{"href":"https:\/\/www.facsa.com\/municipios\/wp-json\/wp\/v2\/pages\/25771","targetHints":{"allow":["GET"]}}],"collection":[{"href":"https:\/\/www.facsa.com\/municipios\/wp-json\/wp\/v2\/pages"}],"about":[{"href":"https:\/\/www.facsa.com\/municipios\/wp-json\/wp\/v2\/types\/page"}],"author":[{"embeddable":true,"href":"https:\/\/www.facsa.com\/municipios\/wp-json\/wp\/v2\/users\/4"}],"replies":[{"embeddable":true,"href":"https:\/\/www.facsa.com\/municipios\/wp-json\/wp\/v2\/comments?post=25771"}],"version-history":[{"count":2,"href":"https:\/\/www.facsa.com\/municipios\/wp-json\/wp\/v2\/pages\/25771\/revisions"}],"predecessor-version":[{"id":25774,"href":"https:\/\/www.facsa.com\/municipios\/wp-json\/wp\/v2\/pages\/25771\/revisions\/25774"}],"wp:attachment":[{"href":"https:\/\/www.facsa.com\/municipios\/wp-json\/wp\/v2\/media?parent=25771"}],"curies":[{"name":"wp","href":"https:\/\/api.w.org\/{rel}","templated":true}]}}