{"id":25329,"date":"2026-02-06T08:03:18","date_gmt":"2026-02-06T06:03:18","guid":{"rendered":"https:\/\/www.facsa.com\/municipios\/?page_id=25329"},"modified":"2026-03-21T12:26:10","modified_gmt":"2026-03-21T10:26:10","slug":"foz-calidade-da-agua","status":"publish","type":"page","link":"https:\/\/www.facsa.com\/municipios\/foz\/foz-calidade-da-agua\/","title":{"rendered":"Foz calidade da agua"},"content":{"rendered":"\n[et_pb_section fb_built=\u00bb1&#8243; fullwidth=\u00bbon\u00bb _builder_version=\u00bb4.27.2&#8243; custom_margin=\u00bb-23px||||false|false\u00bb global_module=\u00bb15672&#8243; locked=\u00bboff\u00bb global_colors_info=\u00bb{}\u00bb][et_pb_fullwidth_image src=\u00bbhttps:\/\/www.facsa.com\/municipios\/wp-content\/uploads\/2023\/07\/banner-agua.jpg\u00bb title_text=\u00bbbanner agua\u00bb admin_label=\u00bbImagen de anchura completa\u00bb _builder_version=\u00bb4.27.2&#8243; _module_preset=\u00bbdefault\u00bb locked=\u00bboff\u00bb global_colors_info=\u00bb{}\u00bb][\/et_pb_fullwidth_image][\/et_pb_section][et_pb_section fb_built=\u00bb1&#8243; _builder_version=\u00bb4.27.2&#8243; _module_preset=\u00bbdefault\u00bb custom_padding=\u00bb3px||0px|||\u00bb locked=\u00bboff\u00bb global_colors_info=\u00bb{}\u00bb][et_pb_row _builder_version=\u00bb4.16&#8243; background_size=\u00bbinitial\u00bb background_position=\u00bbtop_left\u00bb background_repeat=\u00bbrepeat\u00bb global_colors_info=\u00bb{}\u00bb][et_pb_column type=\u00bb4_4&#8243; _builder_version=\u00bb4.27.2&#8243; _module_preset=\u00bbdefault\u00bb global_colors_info=\u00bb{}\u00bb][et_pb_heading title=\u00bbCalidade da auga\u00bb _builder_version=\u00bb4.27.2&#8243; _module_preset=\u00bbdefault\u00bb title_text_align=\u00bbcenter\u00bb title_font_size=\u00bb40px\u00bb title_line_height=\u00bb1.1em\u00bb custom_margin=\u00bb||28px||false|false\u00bb locked=\u00bboff\u00bb global_colors_info=\u00bb{}\u00bb][\/et_pb_heading][et_pb_text _builder_version=\u00bb4.27.2&#8243; _module_preset=\u00bbdefault\u00bb custom_margin=\u00bb||20px||false|false\u00bb locked=\u00bboff\u00bb global_colors_info=\u00bb{}\u00bb]<p style=\"font-weight: 400; text-align: justify;\"><span style=\"color: #999999;\">A <span style=\"color: #00ccff;\"><strong>Calidade da Agua<\/strong><\/span> de consumo <span style=\"font-weight: 400;\">est\u00e1 regulada en todos os pa\u00edses da UE por unha mesma normativa comunitaria, a Directiva 2020\/2184\/CE. Esta normativa parte das recomendaci\u00f3ns da Organizaci\u00f3n Mundial da Sa\u00fade (OMS) e artic\u00falase en Espa\u00f1a a trav\u00e9s do Real Decreto 3\/2023 do 10 de xaneiro, polo que se establecen os criterios t\u00e9cnico-sanitarios da calidade da auga de consumo, o seu control e a subministraci\u00f3n. Os controis realizados polo Servizo de fornecemento de auga potable do municipio non se limitan aos establecidos por esta lexislaci\u00f3n.<\/span><\/span><\/p>\n<p style=\"font-weight: 400; text-align: justify;\"><span style=\"color: #999999;\"><span style=\"font-weight: 400;\">O sistema de control ref\u00f3rzase cos controis internos adicionais que realizamos no marco do noso compromiso coa garant\u00eda sanitaria da auga distribu\u00edda nos fornecementos que operamos. Estes controis l\u00e9vanse a cabo en laboratorios acreditados pola norma ISO 17025, m\u00e1ximo reco\u00f1ecemento internacional para reco\u00f1ecer os laboratorios de an\u00e1lises, e mediante o control de equipamentos de medida en continuo dos par\u00e1metros clave da auga de consumo.<\/span><\/span><\/p>\n<p style=\"font-weight: 400; text-align: justify;\"><span style=\"color: #999999;\">\u00a0<\/span><\/p>\n<p style=\"font-weight: 400; text-align: justify;\"><span style=\"color: #00ccff;\"><strong>\u00bfComo podo consultar a cualificaci\u00f3n sanitaria da auga dun concello?<\/strong><\/span><\/p>\n<p style=\"font-weight: 400; text-align: justify;\"><span style=\"color: #999999;\">A <span style=\"font-weight: 400;\">Ministerio de Sanidade conta cunha plataforma denominada SINAC (Sistema de Informaci\u00f3n Nacional de Auga de Consumo) a trav\u00e9s da cal calquera persoa pode acceder \u00e1 cualificaci\u00f3n sanitaria actualizada da auga dunha rede determinada, as\u00ed como un hist\u00f3rico de anal\u00edticas de caracterizaci\u00f3n da auga, control, completos e radiactividade. Isto pode consultarse desde a p\u00e1xina web: <\/span>: <span style=\"color: #339966;\"><a href=\"https:\/\/sinacv2.sanidad.gob.es\/SinacV2\/Index.do\" data-saferedirecturl=\"https:\/\/www.google.com\/url?q=https:\/\/sinacv2.sanidad.gob.es\/SinacV2\/Index.do&amp;source=gmail&amp;ust=1689852687863000&amp;usg=AOvVaw0bxj7vVZMdCkD656Tv5DG6\" style=\"color: #00ccff;\">https:\/\/sinacv2.sanidad.gob.es\/SinacV2\/Index.do<\/a><\/span>, <span style=\"font-weight: 400;\">na secci\u00f3n Acceso Cidad\u00e1n\/Informaci\u00f3n actual de auga de consumo.<\/span><\/span><\/p>\n<p style=\"font-weight: 400; text-align: justify;\"><span style=\"color: #999999;\">\u00a0<\/span><\/p>\n<p style=\"font-weight: 400; text-align: justify;\"><span style=\"color: #999999;\"><strong>Consulta a informaci\u00f3n m\u00e1is recente da t\u00faa auga:<\/strong><\/span><\/p>[\/et_pb_text][\/et_pb_column][\/et_pb_row][\/et_pb_section][et_pb_section fb_built=\u00bb1&#8243; _builder_version=\u00bb4.27.2&#8243; _module_preset=\u00bbdefault\u00bb locked=\u00bboff\u00bb][et_pb_row _builder_version=\u00bb4.27.2&#8243; _module_preset=\u00bbdefault\u00bb theme_builder_area=\u00bbpost_content\u00bb][et_pb_column _builder_version=\u00bb4.27.2&#8243; _module_preset=\u00bbdefault\u00bb type=\u00bb4_4&#8243; theme_builder_area=\u00bbpost_content\u00bb][et_pb_text _builder_version=\u00bb4.27.2&#8243; _module_preset=\u00bbdefault\u00bb theme_builder_area=\u00bbpost_content\u00bb hover_enabled=\u00bb0&#8243; sticky_enabled=\u00bb0&#8243; text_text_color=\u00bb#00537f\u00bb text_font_size=\u00bb21px\u00bb header_3_text_color=\u00bb#00537f\u00bb header_3_font=\u00bb&#8211;et_global_body_font||||||||\u00bb header_3_font_size=\u00bb28px\u00bb]<h3 style=\"text-align: center;\">SECCI\u00d3N EN CONSTRUCCI\u00d3N<\/h3>[\/et_pb_text][\/et_pb_column][\/et_pb_row][\/et_pb_section][et_pb_section fb_built=\u00bb1&#8243; custom_padding_last_edited=\u00bbon|desktop\u00bb disabled_on=\u00bbon|on|on\u00bb admin_label=\u00bbRED 1&#8243; module_id=\u00bb1&#8243; module_class=\u00bbiconoscontenedor1&#8243; _builder_version=\u00bb4.27.2&#8243; background_color=\u00bb#FFFFFF\u00bb height=\u00bb570px\u00bb custom_margin=\u00bb||147px||false|false\u00bb custom_padding_tablet=\u00bb50px|0|50px|0&#8243; custom_padding_phone=\u00bb\u00bb transparent_background=\u00bboff\u00bb disabled=\u00bbon\u00bb locked=\u00bboff\u00bb global_colors_info=\u00bb{}\u00bb][et_pb_row admin_label=\u00bbTITULO RED\u00bb _builder_version=\u00bb4.27.2&#8243; _module_preset=\u00bbdefault\u00bb global_colors_info=\u00bb{}\u00bb][et_pb_column type=\u00bb4_4&#8243; _builder_version=\u00bb4.16&#8243; _module_preset=\u00bbdefault\u00bb global_colors_info=\u00bb{}\u00bb][et_pb_heading title=\u00bbRED  \u00bb _builder_version=\u00bb4.27.2&#8243; _module_preset=\u00bbdefault\u00bb title_level=\u00bbh2&#8243; title_text_align=\u00bbcenter\u00bb global_colors_info=\u00bb{}\u00bb][\/et_pb_heading][\/et_pb_column][\/et_pb_row][et_pb_row column_structure=\u00bb1_5,1_5,1_5,1_5,1_5&#8243; admin_label=\u00bbICONOS\u00bb module_class=\u00bbiconoscontenedor\u00bb _builder_version=\u00bb4.27.2&#8243; _module_preset=\u00bbdefault\u00bb width=\u00bb100%\u00bb custom_margin=\u00bb||||false|false\u00bb global_colors_info=\u00bb{}\u00bb][et_pb_column type=\u00bb1_5&#8243; _builder_version=\u00bb4.27.2&#8243; _module_preset=\u00bbdefault\u00bb global_colors_info=\u00bb{}\u00bb][et_pb_blurb url_new_window=\u00bbon\u00bb image=\u00bbhttps:\/\/www.facsa.com\/municipios\/wp-content\/uploads\/2024\/10\/Informacion-de-la-red_Desactivado.png\u00bb image_icon_width=\u00bb38%\u00bb content_max_width=\u00bb190px\u00bb admin_label=\u00bb1&#8243; module_class=\u00bbICONO1&#8243; _builder_version=\u00bb4.27.2&#8243; _module_preset=\u00bbdefault\u00bb header_font=\u00bb|700|||||||\u00bb header_text_align=\u00bbcenter\u00bb header_text_color=\u00bb#969696&#8243; header_font_size=\u00bb23px\u00bb header_letter_spacing=\u00bb1px\u00bb body_text_color=\u00bb#969696&#8243; child_filter_saturate=\u00bb90%\u00bb link_option_url_new_window=\u00bbon\u00bb global_colors_info=\u00bb{}\u00bb child_filter_hue_rotate__hover_enabled=\u00bbon|hover\u00bb image__hover_enabled=\u00bbon|hover\u00bb image__hover=\u00bbhttps:\/\/www.facsa.com\/municipios\/wp-content\/uploads\/2024\/10\/Informacion-de-la-red_Activado-1.png\u00bb header_text_color__hover_enabled=\u00bbon|hover\u00bb header_text_color__hover=\u00bb#00537f\u00bb body_text_color__hover_enabled=\u00bbon|hover\u00bb body_text_color__hover=\u00bb#000000&#8243;]<p style=\"text-align: center;\">Informaci\u00f3n<\/p>\n<p style=\"text-align: center; line-height: 0; margin-top: -10px;\">da rede<\/p>\n\n<div style=\"height: 5px;\"><\/div>\n\n<hr style=\"border: 0; border-top: 1px solid #00ccff; width: 100%;\" \/>\n\n<div style=\"height: 5px;\"><\/div>\n<p style=\"text-align: center; font-size: 12px; line-height: 1.2;\">Informaci\u00f3n sobre as redes de fornecemento e o prezo da auga<\/p>[\/et_pb_blurb][\/et_pb_column][et_pb_column type=\u00bb1_5&#8243; _builder_version=\u00bb4.27.2&#8243; _module_preset=\u00bbdefault\u00bb global_colors_info=\u00bb{}\u00bb][et_pb_blurb url_new_window=\u00bbon\u00bb image=\u00bbhttps:\/\/www.facsa.com\/municipios\/wp-content\/uploads\/2024\/10\/Analisis-completos_Desactivado.png\u00bb image_icon_width=\u00bb38%\u00bb content_max_width=\u00bb190px\u00bb admin_label=\u00bb2&#8243; module_class=\u00bbICONO2&#8243; _builder_version=\u00bb4.27.2&#8243; _module_preset=\u00bbdefault\u00bb header_font=\u00bb|700|||||||\u00bb header_text_align=\u00bbcenter\u00bb header_text_color=\u00bb#969696&#8243; header_font_size=\u00bb23px\u00bb header_letter_spacing=\u00bb1px\u00bb body_text_color=\u00bb#969696&#8243; child_filter_saturate=\u00bb90%\u00bb link_option_url_new_window=\u00bbon\u00bb global_colors_info=\u00bb{}\u00bb child_filter_hue_rotate__hover_enabled=\u00bbon|hover\u00bb image__hover_enabled=\u00bbon|hover\u00bb image__hover=\u00bbhttps:\/\/www.facsa.com\/municipios\/wp-content\/uploads\/2024\/10\/Analisis-completos_Activado.png\u00bb header_text_color__hover_enabled=\u00bbon|hover\u00bb header_text_color__hover=\u00bb#00537f\u00bb body_text_color__hover_enabled=\u00bbon|hover\u00bb body_text_color__hover=\u00bb#000000&#8243;]<p style=\"text-align: center;\">An\u00e1lises<\/p>\n<p style=\"text-align: center; line-height: 0; margin-top: -10px;\">completas<\/p>\n\n<div style=\"height: 5px;\"><\/div>\n\n<hr style=\"border: 0; border-top: 1px solid #00ccff; width: 100%;\" \/>\n\n<div style=\"height: 5px;\"><\/div>\n<p style=\"text-align: center; font-size: 12px; line-height: 1.2;\">Informaci\u00f3n necesaria para determinar o cumprimento dos l\u00edmites de todos os par\u00e1metros do RD 3\/23<\/p>[\/et_pb_blurb][\/et_pb_column][et_pb_column type=\u00bb1_5&#8243; _builder_version=\u00bb4.27.2&#8243; _module_preset=\u00bbdefault\u00bb global_colors_info=\u00bb{}\u00bb][et_pb_blurb url_new_window=\u00bbon\u00bb image=\u00bbhttps:\/\/www.facsa.com\/municipios\/wp-content\/uploads\/2024\/10\/Analisis-de-control_Desactivado.png\u00bb image_icon_width=\u00bb38%\u00bb content_max_width=\u00bb190px\u00bb admin_label=\u00bb3&#8243; module_class=\u00bbICONO3&#8243; _builder_version=\u00bb4.27.2&#8243; _module_preset=\u00bbdefault\u00bb header_font=\u00bb|700|||||||\u00bb header_text_align=\u00bbcenter\u00bb header_text_color=\u00bb#969696&#8243; header_font_size=\u00bb23px\u00bb header_letter_spacing=\u00bb1px\u00bb body_text_color=\u00bb#969696&#8243; child_filter_saturate=\u00bb90%\u00bb link_option_url_new_window=\u00bbon\u00bb global_colors_info=\u00bb{}\u00bb child_filter_hue_rotate__hover_enabled=\u00bbon|hover\u00bb image__hover_enabled=\u00bbon|hover\u00bb image__hover=\u00bbhttps:\/\/www.facsa.com\/municipios\/wp-content\/uploads\/2024\/10\/Analisis-de-control_Activado-1.png\u00bb header_text_color__hover_enabled=\u00bbon|hover\u00bb header_text_color__hover=\u00bb#00537f\u00bb body_text_color__hover_enabled=\u00bbon|hover\u00bb body_text_color__hover=\u00bb#000000&#8243;]<p style=\"text-align: center;\">An\u00e1lises<\/p>\n<p style=\"text-align: center; line-height: 0; margin-top: -10px;\">de control<\/p>\n\n<div style=\"height: 5px;\"><\/div>\n\n<hr style=\"border: 0; border-top: 1px solid #00ccff; width: 100%;\" \/>\n\n<div style=\"height: 5px;\"><\/div>\n<p style=\"text-align: center; font-size: 12px; line-height: 1.2;\">Informaci\u00f3n sobre a calidade organol\u00e9ptica e microbiol\u00f3xica da auga de consumo, e de eficacia do tratamento de potabilizaci\u00f3n<\/p>[\/et_pb_blurb][\/et_pb_column][et_pb_column type=\u00bb1_5&#8243; _builder_version=\u00bb4.27.2&#8243; _module_preset=\u00bbdefault\u00bb global_colors_info=\u00bb{}\u00bb][et_pb_blurb url_new_window=\u00bbon\u00bb image=\u00bbhttps:\/\/www.facsa.com\/municipios\/wp-content\/uploads\/2024\/10\/Caracterizacion-del-agua-_Desactivado.png\u00bb image_icon_width=\u00bb38%\u00bb content_max_width=\u00bb190px\u00bb admin_label=\u00bb4&#8243; module_class=\u00bbICONO4&#8243; _builder_version=\u00bb4.27.2&#8243; _module_preset=\u00bbdefault\u00bb header_font=\u00bb|700|||||||\u00bb header_text_align=\u00bbcenter\u00bb header_text_color=\u00bb#969696&#8243; header_font_size=\u00bb23px\u00bb header_letter_spacing=\u00bb1px\u00bb body_text_color=\u00bb#969696&#8243; child_filter_saturate=\u00bb90%\u00bb link_option_url_new_window=\u00bbon\u00bb global_colors_info=\u00bb{}\u00bb image__hover_enabled=\u00bbon|hover\u00bb image__hover=\u00bbhttps:\/\/www.facsa.com\/municipios\/wp-content\/uploads\/2024\/10\/Caracterizacion-del-agua-_Activado.png\u00bb header_text_color__hover=\u00bb#00537f\u00bb header_text_color__hover_enabled=\u00bbon|hover\u00bb body_text_color__hover=\u00bb#000000&#8243; body_text_color__hover_enabled=\u00bbon|hover\u00bb child_filter_hue_rotate__hover_enabled=\u00bbon|hover\u00bb]<p style=\"text-align: center;\">Caracterizaci\u00f3n<\/p>\n<p style=\"text-align: center; line-height: 0; margin-top: -10px;\">da auga<\/p>\n\n<div style=\"height: 5px;\"><\/div>\n\n<hr style=\"border: 0; border-top: 1px solid #00ccff; width: 100%;\" \/>\n\n<div style=\"height: 5px;\"><\/div>\n<p style=\"text-align: center; font-size: 12px; line-height: 1.2;\">Informaci\u00f3n sobre as caracter\u00edsticas xerais da auga de consumo (incl\u00fae dureza)<\/p>[\/et_pb_blurb][\/et_pb_column][et_pb_column type=\u00bb1_5&#8243; _builder_version=\u00bb4.27.2&#8243; _module_preset=\u00bbdefault\u00bb global_colors_info=\u00bb{}\u00bb][et_pb_blurb url_new_window=\u00bbon\u00bb image=\u00bbhttps:\/\/www.facsa.com\/municipios\/wp-content\/uploads\/2024\/10\/Analisis-de-radioactividad_Desactivado.png\u00bb image_icon_width=\u00bb38%\u00bb content_max_width=\u00bb190px\u00bb admin_label=\u00bb5&#8243; module_class=\u00bbICONO5&#8243; _builder_version=\u00bb4.27.2&#8243; _module_preset=\u00bbdefault\u00bb header_font=\u00bb|700|||||||\u00bb header_text_align=\u00bbcenter\u00bb header_text_color=\u00bb#969696&#8243; header_font_size=\u00bb23px\u00bb header_letter_spacing=\u00bb1px\u00bb body_text_color=\u00bb#969696&#8243; child_filter_saturate=\u00bb90%\u00bb link_option_url_new_window=\u00bbon\u00bb global_colors_info=\u00bb{}\u00bb child_filter_hue_rotate__hover_enabled=\u00bbon|hover\u00bb image__hover_enabled=\u00bbon|hover\u00bb image__hover=\u00bbhttps:\/\/www.facsa.com\/municipios\/wp-content\/uploads\/2024\/10\/Analisis-de-radioactividad_Activado.png\u00bb header_text_color__hover_enabled=\u00bbon|hover\u00bb header_text_color__hover=\u00bb#00537f\u00bb body_text_color__hover_enabled=\u00bbon|hover\u00bb body_text_color__hover=\u00bb#000000&#8243;]<p style=\"text-align: center;\">An\u00e1lise<\/p>\n<p style=\"text-align: center; line-height: 0; margin-top: -10px;\">de radioactividade<\/p>\n\n<div style=\"height: 5px;\"><\/div>\n\n<hr style=\"border: 0; border-top: 1px solid #00ccff; width: 100%;\" \/>\n\n<div style=\"height: 5px;\"><\/div>\n<p style=\"text-align: center; font-size: 12px; line-height: 1.2;\">Informaci\u00f3n sobre a presenza de substancias radioactivas naturais ou artificiais na auga de consumo<\/p>[\/et_pb_blurb][\/et_pb_column][\/et_pb_row][et_pb_row admin_label=\u00bbESPACIO\u00bb _builder_version=\u00bb4.27.2&#8243; _module_preset=\u00bbdefault\u00bb global_colors_info=\u00bb{}\u00bb][et_pb_column type=\u00bb4_4&#8243; _builder_version=\u00bb4.25.2&#8243; _module_preset=\u00bbdefault\u00bb global_colors_info=\u00bb{}\u00bb][et_pb_divider show_divider=\u00bboff\u00bb _builder_version=\u00bb4.25.2&#8243; _module_preset=\u00bbdefault\u00bb custom_margin=\u00bb51px||66px||false|false\u00bb custom_padding=\u00bb66px||68px||false|false\u00bb global_colors_info=\u00bb{}\u00bb][\/et_pb_divider][\/et_pb_column][\/et_pb_row][\/et_pb_section]\n","protected":false},"excerpt":{"rendered":"<p>A Calidade da Agua de consumo est\u00e1 regulada en todos os pa\u00edses da UE por unha mesma normativa comunitaria, a Directiva 2020\/2184\/CE. Esta normativa parte das recomendaci\u00f3ns da Organizaci\u00f3n Mundial da Sa\u00fade (OMS) e artic\u00falase en Espa\u00f1a a trav\u00e9s do Real Decreto 3\/2023 do 10 de xaneiro, polo que se establecen os criterios t\u00e9cnico-sanitarios da [&hellip;]<\/p>\n","protected":false},"author":4,"featured_media":0,"parent":22156,"menu_order":0,"comment_status":"closed","ping_status":"closed","template":"","meta":{"_et_pb_use_builder":"on","_et_pb_old_content":"","_et_gb_content_width":"","footnotes":""},"class_list":["post-25329","page","type-page","status-publish","hentry"],"yoast_head":"<!-- This site is optimized with the Yoast SEO plugin v26.7 - https:\/\/yoast.com\/wordpress\/plugins\/seo\/ -->\n<title>Foz calidade da agua - Municipios FACSA<\/title>\n<meta name=\"robots\" content=\"index, follow, max-snippet:-1, max-image-preview:large, max-video-preview:-1\" \/>\n<link rel=\"canonical\" href=\"https:\/\/www.facsa.com\/municipios\/foz\/foz-calidade-da-agua\/\" \/>\n<meta property=\"og:locale\" content=\"es_ES\" \/>\n<meta property=\"og:type\" content=\"article\" \/>\n<meta property=\"og:title\" content=\"Foz calidade da agua - Municipios FACSA\" \/>\n<meta property=\"og:description\" content=\"A Calidade da Agua de consumo est\u00e1 regulada en todos os pa\u00edses da UE por unha mesma normativa comunitaria, a Directiva 2020\/2184\/CE. Esta normativa parte das recomendaci\u00f3ns da Organizaci\u00f3n Mundial da Sa\u00fade (OMS) e artic\u00falase en Espa\u00f1a a trav\u00e9s do Real Decreto 3\/2023 do 10 de xaneiro, polo que se establecen os criterios t\u00e9cnico-sanitarios da [&hellip;]\" \/>\n<meta property=\"og:url\" content=\"https:\/\/www.facsa.com\/municipios\/foz\/foz-calidade-da-agua\/\" \/>\n<meta property=\"og:site_name\" content=\"Municipios FACSA\" \/>\n<meta property=\"article:modified_time\" content=\"2026-03-21T10:26:10+00:00\" \/>\n<meta name=\"twitter:card\" content=\"summary_large_image\" \/>\n<meta name=\"twitter:label1\" content=\"Tiempo de lectura\" \/>\n\t<meta name=\"twitter:data1\" content=\"2 minutos\" \/>\n<script type=\"application\/ld+json\" class=\"yoast-schema-graph\">{\"@context\":\"https:\/\/schema.org\",\"@graph\":[{\"@type\":\"WebPage\",\"@id\":\"https:\/\/www.facsa.com\/municipios\/foz\/foz-calidade-da-agua\/\",\"url\":\"https:\/\/www.facsa.com\/municipios\/foz\/foz-calidade-da-agua\/\",\"name\":\"Foz calidade da agua - Municipios FACSA\",\"isPartOf\":{\"@id\":\"https:\/\/www.facsa.com\/municipios\/#website\"},\"datePublished\":\"2026-02-06T06:03:18+00:00\",\"dateModified\":\"2026-03-21T10:26:10+00:00\",\"breadcrumb\":{\"@id\":\"https:\/\/www.facsa.com\/municipios\/foz\/foz-calidade-da-agua\/#breadcrumb\"},\"inLanguage\":\"es\",\"potentialAction\":[{\"@type\":\"ReadAction\",\"target\":[\"https:\/\/www.facsa.com\/municipios\/foz\/foz-calidade-da-agua\/\"]}]},{\"@type\":\"BreadcrumbList\",\"@id\":\"https:\/\/www.facsa.com\/municipios\/foz\/foz-calidade-da-agua\/#breadcrumb\",\"itemListElement\":[{\"@type\":\"ListItem\",\"position\":1,\"name\":\"Portada\",\"item\":\"https:\/\/www.facsa.com\/municipios\/almassora\/\"},{\"@type\":\"ListItem\",\"position\":2,\"name\":\"Foz\",\"item\":\"https:\/\/www.facsa.com\/municipios\/foz\/\"},{\"@type\":\"ListItem\",\"position\":3,\"name\":\"Foz calidade da agua\"}]},{\"@type\":\"WebSite\",\"@id\":\"https:\/\/www.facsa.com\/municipios\/#website\",\"url\":\"https:\/\/www.facsa.com\/municipios\/\",\"name\":\"Municipios FACSA\",\"description\":\"Web de municipios de Facsa\",\"potentialAction\":[{\"@type\":\"SearchAction\",\"target\":{\"@type\":\"EntryPoint\",\"urlTemplate\":\"https:\/\/www.facsa.com\/municipios\/?s={search_term_string}\"},\"query-input\":{\"@type\":\"PropertyValueSpecification\",\"valueRequired\":true,\"valueName\":\"search_term_string\"}}],\"inLanguage\":\"es\"}]}<\/script>\n<!-- \/ Yoast SEO plugin. -->","yoast_head_json":{"title":"Foz calidade da agua - Municipios FACSA","robots":{"index":"index","follow":"follow","max-snippet":"max-snippet:-1","max-image-preview":"max-image-preview:large","max-video-preview":"max-video-preview:-1"},"canonical":"https:\/\/www.facsa.com\/municipios\/foz\/foz-calidade-da-agua\/","og_locale":"es_ES","og_type":"article","og_title":"Foz calidade da agua - Municipios FACSA","og_description":"A Calidade da Agua de consumo est\u00e1 regulada en todos os pa\u00edses da UE por unha mesma normativa comunitaria, a Directiva 2020\/2184\/CE. Esta normativa parte das recomendaci\u00f3ns da Organizaci\u00f3n Mundial da Sa\u00fade (OMS) e artic\u00falase en Espa\u00f1a a trav\u00e9s do Real Decreto 3\/2023 do 10 de xaneiro, polo que se establecen os criterios t\u00e9cnico-sanitarios da [&hellip;]","og_url":"https:\/\/www.facsa.com\/municipios\/foz\/foz-calidade-da-agua\/","og_site_name":"Municipios FACSA","article_modified_time":"2026-03-21T10:26:10+00:00","twitter_card":"summary_large_image","twitter_misc":{"Tiempo de lectura":"2 minutos"},"schema":{"@context":"https:\/\/schema.org","@graph":[{"@type":"WebPage","@id":"https:\/\/www.facsa.com\/municipios\/foz\/foz-calidade-da-agua\/","url":"https:\/\/www.facsa.com\/municipios\/foz\/foz-calidade-da-agua\/","name":"Foz calidade da agua - Municipios FACSA","isPartOf":{"@id":"https:\/\/www.facsa.com\/municipios\/#website"},"datePublished":"2026-02-06T06:03:18+00:00","dateModified":"2026-03-21T10:26:10+00:00","breadcrumb":{"@id":"https:\/\/www.facsa.com\/municipios\/foz\/foz-calidade-da-agua\/#breadcrumb"},"inLanguage":"es","potentialAction":[{"@type":"ReadAction","target":["https:\/\/www.facsa.com\/municipios\/foz\/foz-calidade-da-agua\/"]}]},{"@type":"BreadcrumbList","@id":"https:\/\/www.facsa.com\/municipios\/foz\/foz-calidade-da-agua\/#breadcrumb","itemListElement":[{"@type":"ListItem","position":1,"name":"Portada","item":"https:\/\/www.facsa.com\/municipios\/almassora\/"},{"@type":"ListItem","position":2,"name":"Foz","item":"https:\/\/www.facsa.com\/municipios\/foz\/"},{"@type":"ListItem","position":3,"name":"Foz calidade da agua"}]},{"@type":"WebSite","@id":"https:\/\/www.facsa.com\/municipios\/#website","url":"https:\/\/www.facsa.com\/municipios\/","name":"Municipios FACSA","description":"Web de municipios de Facsa","potentialAction":[{"@type":"SearchAction","target":{"@type":"EntryPoint","urlTemplate":"https:\/\/www.facsa.com\/municipios\/?s={search_term_string}"},"query-input":{"@type":"PropertyValueSpecification","valueRequired":true,"valueName":"search_term_string"}}],"inLanguage":"es"}]}},"_links":{"self":[{"href":"https:\/\/www.facsa.com\/municipios\/wp-json\/wp\/v2\/pages\/25329","targetHints":{"allow":["GET"]}}],"collection":[{"href":"https:\/\/www.facsa.com\/municipios\/wp-json\/wp\/v2\/pages"}],"about":[{"href":"https:\/\/www.facsa.com\/municipios\/wp-json\/wp\/v2\/types\/page"}],"author":[{"embeddable":true,"href":"https:\/\/www.facsa.com\/municipios\/wp-json\/wp\/v2\/users\/4"}],"replies":[{"embeddable":true,"href":"https:\/\/www.facsa.com\/municipios\/wp-json\/wp\/v2\/comments?post=25329"}],"version-history":[{"count":6,"href":"https:\/\/www.facsa.com\/municipios\/wp-json\/wp\/v2\/pages\/25329\/revisions"}],"predecessor-version":[{"id":26206,"href":"https:\/\/www.facsa.com\/municipios\/wp-json\/wp\/v2\/pages\/25329\/revisions\/26206"}],"up":[{"embeddable":true,"href":"https:\/\/www.facsa.com\/municipios\/wp-json\/wp\/v2\/pages\/22156"}],"wp:attachment":[{"href":"https:\/\/www.facsa.com\/municipios\/wp-json\/wp\/v2\/media?parent=25329"}],"curies":[{"name":"wp","href":"https:\/\/api.w.org\/{rel}","templated":true}]}}