{"id":174,"date":"2015-09-18T08:38:22","date_gmt":"2015-09-18T08:38:22","guid":{"rendered":"https:\/\/www.facsa.com\/municipios\/?page_id=174"},"modified":"2022-07-07T10:40:42","modified_gmt":"2022-07-07T10:40:42","slug":"el-agua","status":"publish","type":"page","link":"https:\/\/www.facsa.com\/municipios\/el-agua\/","title":{"rendered":"El agua"},"content":{"rendered":"<p>[et_pb_section fb_built=\u00bb1&#8243; fullwidth=\u00bbon\u00bb _builder_version=\u00bb4.9.3&#8243; custom_margin=\u00bb-23px||||false|false\u00bb global_colors_info=\u00bb{}\u00bb][et_pb_fullwidth_slider _builder_version=\u00bb4.10.8&#8243; custom_padding=\u00bb|||\u00bb custom_padding_tablet=\u00bb|||\u00bb custom_padding_phone=\u00bb|||\u00bb box_shadow_style=\u00bbpreset6&#8243; box_shadow_blur=\u00bb10px\u00bb box_shadow_color=\u00bbrgba(0,0,0,0.1)\u00bb remove_inner_shadow=\u00bboff\u00bb hide_content_on_mobile=\u00bboff\u00bb hide_cta_on_mobile=\u00bboff\u00bb show_inner_shadow=\u00bbon\u00bb button_letter_spacing_hover=\u00bb0&#8243; global_colors_info=\u00bb{}\u00bb button_text_size__hover_enabled=\u00bboff\u00bb button_one_text_size__hover_enabled=\u00bboff\u00bb button_two_text_size__hover_enabled=\u00bboff\u00bb button_text_color__hover_enabled=\u00bboff\u00bb button_one_text_color__hover_enabled=\u00bboff\u00bb button_two_text_color__hover_enabled=\u00bboff\u00bb button_border_width__hover_enabled=\u00bboff\u00bb button_one_border_width__hover_enabled=\u00bboff\u00bb button_two_border_width__hover_enabled=\u00bboff\u00bb button_border_color__hover_enabled=\u00bboff\u00bb button_one_border_color__hover_enabled=\u00bboff\u00bb button_two_border_color__hover_enabled=\u00bboff\u00bb button_border_radius__hover_enabled=\u00bboff\u00bb button_one_border_radius__hover_enabled=\u00bboff\u00bb button_two_border_radius__hover_enabled=\u00bboff\u00bb button_letter_spacing__hover_enabled=\u00bbon\u00bb button_letter_spacing__hover=\u00bb0&#8243; button_one_letter_spacing__hover_enabled=\u00bboff\u00bb button_two_letter_spacing__hover_enabled=\u00bboff\u00bb button_bg_color__hover_enabled=\u00bboff\u00bb button_one_bg_color__hover_enabled=\u00bboff\u00bb button_two_bg_color__hover_enabled=\u00bboff\u00bb][et_pb_slide admin_title=\u00bbel agua\u00bb _builder_version=\u00bb4.10.8&#8243; header_font=\u00bbLato|900|||||||\u00bb background_color=\u00bb#ffffff\u00bb background_image=\u00bbhttps:\/\/www.facsa.com\/municipios\/wp-content\/uploads\/2022\/07\/Nina_Vaso_Agua_bajacalidad.jpg\u00bb background_enable_image=\u00bbon\u00bb button_icon_placement=\u00bbright\u00bb button_on_hover=\u00bbon\u00bb global_colors_info=\u00bb{}\u00bb button_text_size__hover_enabled=\u00bboff\u00bb button_one_text_size__hover_enabled=\u00bboff\u00bb button_two_text_size__hover_enabled=\u00bboff\u00bb button_text_color__hover_enabled=\u00bboff\u00bb button_one_text_color__hover_enabled=\u00bboff\u00bb button_two_text_color__hover_enabled=\u00bboff\u00bb button_border_width__hover_enabled=\u00bboff\u00bb button_one_border_width__hover_enabled=\u00bboff\u00bb button_two_border_width__hover_enabled=\u00bboff\u00bb button_border_color__hover_enabled=\u00bboff\u00bb button_one_border_color__hover_enabled=\u00bboff\u00bb button_two_border_color__hover_enabled=\u00bboff\u00bb button_border_radius__hover_enabled=\u00bboff\u00bb button_one_border_radius__hover_enabled=\u00bboff\u00bb button_two_border_radius__hover_enabled=\u00bboff\u00bb button_letter_spacing__hover_enabled=\u00bboff\u00bb button_one_letter_spacing__hover_enabled=\u00bboff\u00bb button_two_letter_spacing__hover_enabled=\u00bboff\u00bb button_bg_color__hover_enabled=\u00bboff\u00bb button_one_bg_color__hover_enabled=\u00bboff\u00bb button_two_bg_color__hover_enabled=\u00bboff\u00bb sticky_transition=\u00bbon\u00bb][\/et_pb_slide][\/et_pb_fullwidth_slider][\/et_pb_section][et_pb_section fb_built=\u00bb1&#8243; fullwidth=\u00bbon\u00bb admin_label=\u00bbbloque con nombre municipio\u00bb _builder_version=\u00bb4.10.8&#8243; width=\u00bb100%\u00bb max_width=\u00bb100%\u00bb module_alignment=\u00bbcenter\u00bb custom_margin=\u00bb17px||||false|false\u00bb locked=\u00bboff\u00bb global_colors_info=\u00bb{}\u00bb][et_pb_fullwidth_header title=\u00bbEl agua\u00bb text_orientation=\u00bbcenter\u00bb content_max_width=\u00bb1920px\u00bb admin_label=\u00bbt\u00edtulo del municipio\u00bb _builder_version=\u00bb4.10.8&#8243; title_font=\u00bb|700|||||||\u00bb title_text_color=\u00bb#00537f\u00bb title_font_size=\u00bb40px\u00bb title_line_height=\u00bb1.1em\u00bb subhead_font=\u00bb||||||||\u00bb subhead_text_align=\u00bbcenter\u00bb subhead_text_color=\u00bb#00537f\u00bb subhead_font_size=\u00bb35px\u00bb subhead_letter_spacing=\u00bb1px\u00bb subhead_line_height=\u00bb1.1em\u00bb background_color=\u00bbrgba(255, 255, 255, 0)\u00bb background_size=\u00bbinitial\u00bb background_position=\u00bbtop_left\u00bb background_repeat=\u00bbrepeat\u00bb background_layout=\u00bblight\u00bb width=\u00bb100%\u00bb max_width=\u00bb100%\u00bb module_alignment=\u00bbcenter\u00bb custom_margin=\u00bb0px|0px|0px|0px|false|false\u00bb custom_padding=\u00bb0px|0px|0px|0px|false|false\u00bb global_colors_info=\u00bb{}\u00bb button_one_text_size__hover_enabled=\u00bboff\u00bb button_two_text_size__hover_enabled=\u00bboff\u00bb button_one_text_color__hover_enabled=\u00bboff\u00bb button_two_text_color__hover_enabled=\u00bboff\u00bb button_one_border_width__hover_enabled=\u00bboff\u00bb button_two_border_width__hover_enabled=\u00bboff\u00bb button_one_border_color__hover_enabled=\u00bboff\u00bb button_two_border_color__hover_enabled=\u00bboff\u00bb button_one_border_radius__hover_enabled=\u00bboff\u00bb button_two_border_radius__hover_enabled=\u00bboff\u00bb button_one_letter_spacing__hover_enabled=\u00bboff\u00bb button_two_letter_spacing__hover_enabled=\u00bboff\u00bb button_one_bg_color__hover_enabled=\u00bboff\u00bb button_two_bg_color__hover_enabled=\u00bboff\u00bb][\/et_pb_fullwidth_header][\/et_pb_section][et_pb_section fb_built=\u00bb1&#8243; custom_padding_last_edited=\u00bbon|desktop\u00bb admin_label=\u00bbsection\u00bb _builder_version=\u00bb3.22&#8243; custom_padding=\u00bb|||\u00bb custom_padding_tablet=\u00bb50px|0|50px|0&#8243; custom_padding_phone=\u00bb\u00bb transparent_background=\u00bboff\u00bb padding_mobile=\u00bboff\u00bb make_fullwidth=\u00bboff\u00bb use_custom_width=\u00bboff\u00bb width_unit=\u00bbon\u00bb global_colors_info=\u00bb{}\u00bb][et_pb_row column_structure=\u00bb1_2,1_2&#8243; column_padding_mobile=\u00bbon\u00bb admin_label=\u00bbrow\u00bb _builder_version=\u00bb4.10.8&#8243; background_size=\u00bbinitial\u00bb background_position=\u00bbtop_left\u00bb background_repeat=\u00bbrepeat\u00bb max_width=\u00bb777px\u00bb custom_margin=\u00bb0px||||false|false\u00bb custom_padding=\u00bb0px||||false|false\u00bb make_fullwidth=\u00bboff\u00bb use_custom_width=\u00bbon\u00bb width_unit=\u00bbon\u00bb custom_width_px=\u00bb777px\u00bb global_colors_info=\u00bb{}\u00bb][et_pb_column type=\u00bb1_2&#8243; _builder_version=\u00bb3.25&#8243; custom_padding=\u00bb||0|\u00bb global_colors_info=\u00bb{}\u00bb custom_padding__hover=\u00bb|||\u00bb][et_pb_blurb title=\u00bbConsejos para ahorrar agua\u00bb url=\u00bbhttps:\/\/www.facsa.com\/amamos-el-agua\/#consumo\u00bb url_new_window=\u00bbon\u00bb image=\u00bbhttps:\/\/www.facsa.com\/municipios\/wp-content\/uploads\/2022\/07\/G_icono_consejos.png\u00bb admin_label=\u00bbTarifas\u00bb _builder_version=\u00bb4.9.3&#8243; _module_preset=\u00bbdefault\u00bb header_font=\u00bb|700|||||||\u00bb header_text_align=\u00bbcenter\u00bb header_text_color=\u00bb#969696&#8243; header_font_size=\u00bb23px\u00bb header_letter_spacing=\u00bb1px\u00bb body_text_color=\u00bb#969696&#8243; child_filter_saturate=\u00bb90%\u00bb link_option_url=\u00bbhttps:\/\/www.facsa.com\/amamos-el-agua\/#consumo\u00bb link_option_url_new_window=\u00bbon\u00bb locked=\u00bboff\u00bb global_colors_info=\u00bb{}\u00bb child_filter_hue_rotate__hover_enabled=\u00bbon|hover\u00bb image__hover_enabled=\u00bbon|hover\u00bb image__hover=\u00bbhttps:\/\/www.facsa.com\/municipios\/wp-content\/uploads\/2022\/07\/A_icono_consejos.png\u00bb header_text_color__hover_enabled=\u00bbon|hover\u00bb header_text_color__hover=\u00bb#00537f\u00bb body_text_color__hover_enabled=\u00bbon|hover\u00bb body_text_color__hover=\u00bb#00537f\u00bb]<\/p>\n<p>&nbsp;<\/p>\n<p>El <strong>agua<\/strong> es un <strong>bien escaso<\/strong> y un cosumo excesivo puede desequilibrar nuestro entorno natural. Por esto es necesario tomar\u00a0conciencia del gran valor y utilidad que tiene para ti y los tuyos. Saldr\u00e1s ganando en el recibo de suministro y favorecer\u00e1s al medio ambiente, asegurando as\u00ed\u00a0el abastecimiento presente y futuro.<\/p>\n<p><em><a href=\"https:\/\/www.facsa.com\/amamos-el-agua\/#consumo\" target=\"_blank\" rel=\"noopener\">Leer m\u00e1s [&#8230;]<\/a><\/em><\/p>\n<p>[\/et_pb_blurb][\/et_pb_column][et_pb_column type=\u00bb1_2&#8243; _builder_version=\u00bb3.25&#8243; custom_padding=\u00bb||0|\u00bb global_colors_info=\u00bb{}\u00bb custom_padding__hover=\u00bb|||\u00bb][et_pb_blurb title=\u00bbBeneficios del agua\u00bb url=\u00bbhttp:\/\/www.facsa.com\/el-agua\/beneficios-del-agua#.VgLJgBGqpHw\u00bb url_new_window=\u00bbon\u00bb image=\u00bbhttps:\/\/www.facsa.com\/municipios\/wp-content\/uploads\/2022\/07\/G_icono_beneficios.png\u00bb admin_label=\u00bbTarifas\u00bb _builder_version=\u00bb4.9.3&#8243; _module_preset=\u00bbdefault\u00bb header_font=\u00bb|700|||||||\u00bb header_text_align=\u00bbcenter\u00bb header_text_color=\u00bb#969696&#8243; header_font_size=\u00bb23px\u00bb header_letter_spacing=\u00bb1px\u00bb body_text_color=\u00bb#969696&#8243; child_filter_saturate=\u00bb90%\u00bb link_option_url=\u00bbhttp:\/\/www.facsa.com\/el-agua\/beneficios-del-agua#.VgLJgBGqpHw\u00bb link_option_url_new_window=\u00bbon\u00bb locked=\u00bboff\u00bb global_colors_info=\u00bb{}\u00bb child_filter_hue_rotate__hover_enabled=\u00bbon|hover\u00bb image__hover_enabled=\u00bbon|hover\u00bb image__hover=\u00bbhttps:\/\/www.facsa.com\/municipios\/wp-content\/uploads\/2022\/07\/A_icono_beneficios.png\u00bb header_text_color__hover_enabled=\u00bbon|hover\u00bb header_text_color__hover=\u00bb#00537f\u00bb body_text_color__hover_enabled=\u00bbon|hover\u00bb body_text_color__hover=\u00bb#00537f\u00bb]<\/p>\n<p>&nbsp;<\/p>\n<p>El <strong>agua<\/strong> es el principal e <strong>imprescindible componente del cuerpo humano<\/strong>.\u00a0El cuerpo humano tiene un 75 % de agua al nacer y cerca del 60 % en la edad adulta.\u00a0El cerebro es 75% agua, la sangre un 92%, los huesos un 22% y los m\u00fasculos un 75%. Beber la cantidad adecuada de agua es vital para su salud. \u00a0\u00bfPor qu\u00e9?<\/p>\n<p><em><a href=\"http:\/\/www.facsa.com\/el-agua\/beneficios-del-agua#.VgLJgBGqpHw\">Leer m\u00e1s [&#8230;]<\/a><\/em><\/p>\n<p>[\/et_pb_blurb][\/et_pb_column][\/et_pb_row][\/et_pb_section][et_pb_section fb_built=\u00bb1&#8243; admin_label=\u00bbsection\u00bb _builder_version=\u00bb4.10.8&#8243; custom_margin=\u00bb-48px||||false|false\u00bb global_colors_info=\u00bb{}\u00bb][et_pb_row column_structure=\u00bb1_2,1_2&#8243; column_padding_mobile=\u00bbon\u00bb admin_label=\u00bbrow\u00bb _builder_version=\u00bb4.10.8&#8243; background_size=\u00bbinitial\u00bb background_position=\u00bbtop_left\u00bb background_repeat=\u00bbrepeat\u00bb max_width=\u00bb777px\u00bb custom_margin=\u00bb-41px||||false|false\u00bb custom_padding=\u00bb0px||||false|false\u00bb make_fullwidth=\u00bboff\u00bb use_custom_width=\u00bbon\u00bb width_unit=\u00bbon\u00bb custom_width_px=\u00bb777px\u00bb global_colors_info=\u00bb{}\u00bb][et_pb_column type=\u00bb1_2&#8243; _builder_version=\u00bb3.25&#8243; custom_padding=\u00bb0|||\u00bb global_colors_info=\u00bb{}\u00bb custom_padding__hover=\u00bb|||\u00bb][et_pb_blurb title=\u00bbCalidad del agua\u00bb url=\u00bbhttp:\/\/www.facsa.com\/el-agua\/Calidad%20del%20agua\u00bb url_new_window=\u00bbon\u00bb image=\u00bbhttps:\/\/www.facsa.com\/municipios\/wp-content\/uploads\/2022\/07\/G_icono_calidad_agua.png\u00bb admin_label=\u00bbTarifas\u00bb _builder_version=\u00bb4.9.3&#8243; _module_preset=\u00bbdefault\u00bb header_font=\u00bb|700|||||||\u00bb header_text_align=\u00bbcenter\u00bb header_text_color=\u00bb#969696&#8243; header_font_size=\u00bb23px\u00bb header_letter_spacing=\u00bb1px\u00bb body_text_color=\u00bb#969696&#8243; child_filter_saturate=\u00bb90%\u00bb link_option_url=\u00bbhttp:\/\/www.facsa.com\/el-agua\/Calidad%20del%20agua\u00bb link_option_url_new_window=\u00bbon\u00bb locked=\u00bboff\u00bb global_colors_info=\u00bb{}\u00bb child_filter_hue_rotate__hover_enabled=\u00bbon|hover\u00bb image__hover_enabled=\u00bbon|hover\u00bb image__hover=\u00bbhttps:\/\/www.facsa.com\/municipios\/wp-content\/uploads\/2022\/07\/A_icono_calidad_agua.png\u00bb header_text_color__hover_enabled=\u00bbon|hover\u00bb header_text_color__hover=\u00bb#00537f\u00bb body_text_color__hover_enabled=\u00bbon|hover\u00bb body_text_color__hover=\u00bb#00537f\u00bb]<\/p>\n<p>&nbsp;<\/p>\n<p><span class=\"field-content\">La<\/span><strong><span class=\"field-content\"> calidad del agua <\/span><\/strong><span class=\"field-content\">se determina comparando las caracter\u00edsticas f\u00edsicas y qu\u00edmicas de la misma. El <strong>cloro<\/strong>, que\u00a0<\/span>es el agente desinfectante m\u00e1s utilizado en el agua de abastecimiento, y la <strong>dureza del agua<\/strong>, que es la\u00a0concentraci\u00f3n de compuestos minerales como por ejemplo el\u00a0magnesio y el calcio, son dos de las variables que se miden para determinar la calidad del agua.<\/p>\n<p><em><a href=\"http:\/\/www.facsa.com\/el-agua\/Calidad%20del%20agua\" target=\"_blank\" rel=\"noopener\">Leer m\u00e1s [&#8230;]<\/a><\/em><\/p>\n<p>[\/et_pb_blurb][\/et_pb_column][et_pb_column type=\u00bb1_2&#8243; _builder_version=\u00bb3.25&#8243; custom_padding=\u00bb0|||\u00bb global_colors_info=\u00bb{}\u00bb custom_padding__hover=\u00bb|||\u00bb][et_pb_blurb title=\u00bbLegislaci\u00f3n del agua\u00bb url=\u00bbhttp:\/\/www.facsa.com\/el-agua\/legislacion-del-agua#.VgLS-hGqpHw\u00bb url_new_window=\u00bbon\u00bb image=\u00bbhttps:\/\/www.facsa.com\/municipios\/wp-content\/uploads\/2022\/07\/G_icono_lesgislacion.png\u00bb admin_label=\u00bbTarifas\u00bb _builder_version=\u00bb4.9.3&#8243; _module_preset=\u00bbdefault\u00bb header_font=\u00bb|700|||||||\u00bb header_text_align=\u00bbcenter\u00bb header_text_color=\u00bb#969696&#8243; header_font_size=\u00bb23px\u00bb header_letter_spacing=\u00bb1px\u00bb body_text_color=\u00bb#969696&#8243; child_filter_saturate=\u00bb90%\u00bb link_option_url=\u00bbhttp:\/\/www.facsa.com\/el-agua\/legislacion-del-agua#.VgLS-hGqpHw\u00bb link_option_url_new_window=\u00bbon\u00bb locked=\u00bboff\u00bb global_colors_info=\u00bb{}\u00bb child_filter_hue_rotate__hover_enabled=\u00bbon|hover\u00bb image__hover_enabled=\u00bbon|hover\u00bb image__hover=\u00bbhttps:\/\/www.facsa.com\/municipios\/wp-content\/uploads\/2022\/07\/A_icono_lesgislacion.png\u00bb header_text_color__hover_enabled=\u00bbon|hover\u00bb header_text_color__hover=\u00bb#00537f\u00bb body_text_color__hover_enabled=\u00bbon|hover\u00bb body_text_color__hover=\u00bb#00537f\u00bb]<\/p>\n<p>&nbsp;<\/p>\n<p>La <strong>gesti\u00f3n del agua<\/strong> es una de las actividades m\u00e1s reguladas que existen. La Directiva Marco del Agua (DMA), de la legislaci\u00f3n europea, marca que el agua deja de considerarse exclusivamente como recurso y se contempla como un elemento b\u00e1sico de los ecosistemas h\u00eddricos y una parte fundamental para el sostenimiento de una buena calidad ambiental.<\/p>\n<p><em><a href=\"http:\/\/www.facsa.com\/el-agua\/legislacion-del-agua#.VgLS-hGqpHw\" target=\"_blank\" rel=\"noopener\">Leer m\u00e1s [&#8230;]<\/a><\/em><\/p>\n<p>[\/et_pb_blurb][\/et_pb_column][\/et_pb_row][\/et_pb_section][et_pb_section fb_built=\u00bb1&#8243; admin_label=\u00bbsection\u00bb _builder_version=\u00bb4.10.8&#8243; custom_margin=\u00bb-48px||||false|false\u00bb global_colors_info=\u00bb{}\u00bb][et_pb_row column_structure=\u00bb1_2,1_2&#8243; padding_mobile=\u00bboff\u00bb column_padding_mobile=\u00bbon\u00bb admin_label=\u00bbrow\u00bb _builder_version=\u00bb4.10.8&#8243; background_size=\u00bbinitial\u00bb background_position=\u00bbtop_left\u00bb background_repeat=\u00bbrepeat\u00bb max_width=\u00bb777px\u00bb custom_margin=\u00bb-42px||||false|false\u00bb make_fullwidth=\u00bboff\u00bb use_custom_width=\u00bbon\u00bb width_unit=\u00bbon\u00bb custom_width_px=\u00bb777px\u00bb global_colors_info=\u00bb{}\u00bb][et_pb_column type=\u00bb1_2&#8243; _builder_version=\u00bb3.25&#8243; custom_padding=\u00bb|||\u00bb global_colors_info=\u00bb{}\u00bb custom_padding__hover=\u00bb|||\u00bb][et_pb_blurb title=\u00bbCiclo integral del agua\u00bb url=\u00bbhttp:\/\/www.facsa.com\/el-agua\/ciclo-integral-del-agua#.VgOhRsuqpHw\u00bb url_new_window=\u00bbon\u00bb image=\u00bbhttps:\/\/www.facsa.com\/municipios\/wp-content\/uploads\/2022\/07\/G_icono_ciclo_integral_agua.png\u00bb admin_label=\u00bbTarifas\u00bb _builder_version=\u00bb4.9.3&#8243; _module_preset=\u00bbdefault\u00bb header_font=\u00bb|700|||||||\u00bb header_text_align=\u00bbcenter\u00bb header_text_color=\u00bb#969696&#8243; header_font_size=\u00bb23px\u00bb header_letter_spacing=\u00bb1px\u00bb body_text_color=\u00bb#969696&#8243; child_filter_saturate=\u00bb90%\u00bb link_option_url=\u00bbhttp:\/\/www.facsa.com\/el-agua\/ciclo-integral-del-agua#.VgOhRsuqpHw\u00bb link_option_url_new_window=\u00bbon\u00bb hover_enabled=\u00bb0&#8243; locked=\u00bboff\u00bb global_colors_info=\u00bb{}\u00bb child_filter_hue_rotate__hover_enabled=\u00bbon|hover\u00bb image__hover_enabled=\u00bbon|hover\u00bb image__hover=\u00bbhttps:\/\/www.facsa.com\/municipios\/wp-content\/uploads\/2022\/07\/A_icono_ciclo_integral_agua.png\u00bb header_text_color__hover_enabled=\u00bbon|hover\u00bb header_text_color__hover=\u00bb#00537f\u00bb body_text_color__hover_enabled=\u00bbon|hover\u00bb body_text_color__hover=\u00bb#00537f\u00bb sticky_enabled=\u00bb0&#8243;]<\/p>\n<p>&nbsp;<\/p>\n<p>El <strong>ciclo integral del agua<\/strong> es el constante recorrido del agua. La evaporaci\u00f3n, condensaci\u00f3n, precipitaci\u00f3n, potabilizaci\u00f3n, saneamiento, depuraci\u00f3n y devoluci\u00f3n al entorno, son algunas de las fases que lo completan, preservando el medio ambiente.\u00a0FACSA, desde hace m\u00e1s de 140 a\u00f1os trabaja en este ciclo para que el agua pueda ser consumida y reutilizada.<\/p>\n<p><em><a href=\"http:\/\/www.facsa.com\/el-agua\/ciclo-integral-del-agua#.VgOhRsuqpHw\" target=\"_blank\" rel=\"noopener\">Leer m\u00e1s [&#8230;]<\/a><\/em><\/p>\n<p>[\/et_pb_blurb][\/et_pb_column][et_pb_column type=\u00bb1_2&#8243; _builder_version=\u00bb3.25&#8243; custom_padding=\u00bb|||\u00bb global_colors_info=\u00bb{}\u00bb custom_padding__hover=\u00bb|||\u00bb][et_pb_blurb title=\u00bb\u00bfSab\u00edas que&#8230;?\u00bb url=\u00bbhttps:\/\/www.facsa.com\/amamos-el-agua\/#planeta\u00bb url_new_window=\u00bbon\u00bb image=\u00bbhttps:\/\/www.facsa.com\/municipios\/wp-content\/uploads\/2022\/07\/G_icono_sabiasque.png\u00bb admin_label=\u00bbTarifas\u00bb _builder_version=\u00bb4.9.3&#8243; _module_preset=\u00bbdefault\u00bb header_font=\u00bb|700|||||||\u00bb header_text_align=\u00bbcenter\u00bb header_text_color=\u00bb#969696&#8243; header_font_size=\u00bb23px\u00bb header_letter_spacing=\u00bb1px\u00bb body_text_color=\u00bb#969696&#8243; child_filter_saturate=\u00bb90%\u00bb link_option_url=\u00bbhttps:\/\/www.facsa.com\/amamos-el-agua\/#planeta\u00bb link_option_url_new_window=\u00bbon\u00bb hover_enabled=\u00bb0&#8243; locked=\u00bboff\u00bb global_colors_info=\u00bb{}\u00bb child_filter_hue_rotate__hover_enabled=\u00bbon|hover\u00bb image__hover_enabled=\u00bbon|hover\u00bb image__hover=\u00bbhttps:\/\/www.facsa.com\/municipios\/wp-content\/uploads\/2022\/07\/A_icono_sabiasque.png\u00bb header_text_color__hover_enabled=\u00bbon|hover\u00bb header_text_color__hover=\u00bb#00537f\u00bb body_text_color__hover_enabled=\u00bbon|hover\u00bb body_text_color__hover=\u00bb#00537f\u00bb sticky_enabled=\u00bb0&#8243;]<\/p>\n<p>&nbsp;<\/p>\n<p><strong>El agua es&#8230;<\/strong> fuente de energ\u00eda, recurso renovable, sustancia reguladora de la temperatura de la tierra, agente responsable de la transformaci\u00f3n de las rocas y del paisaje.<br \/><strong><span class=\"field-content\">Del cuerpo humano&#8230;\u00a0<\/span><\/strong><span class=\"field-content\">e<\/span>l 66% es agua y el 93% de nuestro cerebro tambi\u00e9n.<\/p>\n<p><em><a href=\"https:\/\/www.facsa.com\/amamos-el-agua\/#planeta\" target=\"_blank\" rel=\"noopener\">Leer m\u00e1s [&#8230;]<\/a><\/em><\/p>\n<p>[\/et_pb_blurb][\/et_pb_column][\/et_pb_row][\/et_pb_section]<\/p>\n","protected":false},"excerpt":{"rendered":"<p>&nbsp; El agua es un bien escaso y un cosumo excesivo puede desequilibrar nuestro entorno natural. Por esto es necesario tomar\u00a0conciencia del gran valor y utilidad que tiene para ti y los tuyos. Saldr\u00e1s ganando en el recibo de suministro y favorecer\u00e1s al medio ambiente, asegurando as\u00ed\u00a0el abastecimiento presente y futuro. Leer m\u00e1s [&#8230;]&nbsp; El [&hellip;]<\/p>\n","protected":false},"author":1,"featured_media":0,"parent":0,"menu_order":2,"comment_status":"closed","ping_status":"closed","template":"","meta":{"_et_pb_use_builder":"on","_et_pb_old_content":"","_et_gb_content_width":"","footnotes":""},"class_list":["post-174","page","type-page","status-publish","hentry"],"yoast_head":"<!-- This site is optimized with the Yoast SEO plugin v26.7 - https:\/\/yoast.com\/wordpress\/plugins\/seo\/ -->\n<title>El agua - Municipios FACSA<\/title>\n<meta name=\"robots\" content=\"index, follow, max-snippet:-1, max-image-preview:large, max-video-preview:-1\" \/>\n<link rel=\"canonical\" href=\"https:\/\/www.facsa.com\/municipios\/el-agua\/\" \/>\n<meta property=\"og:locale\" content=\"es_ES\" \/>\n<meta property=\"og:type\" content=\"article\" \/>\n<meta property=\"og:title\" content=\"El agua - Municipios FACSA\" \/>\n<meta property=\"og:description\" content=\"&nbsp; El agua es un bien escaso y un cosumo excesivo puede desequilibrar nuestro entorno natural. Por esto es necesario tomar\u00a0conciencia del gran valor y utilidad que tiene para ti y los tuyos. Saldr\u00e1s ganando en el recibo de suministro y favorecer\u00e1s al medio ambiente, asegurando as\u00ed\u00a0el abastecimiento presente y futuro. Leer m\u00e1s [...]&nbsp; El [&hellip;]\" \/>\n<meta property=\"og:url\" content=\"https:\/\/www.facsa.com\/municipios\/el-agua\/\" \/>\n<meta property=\"og:site_name\" content=\"Municipios FACSA\" \/>\n<meta property=\"article:modified_time\" content=\"2022-07-07T10:40:42+00:00\" \/>\n<meta name=\"twitter:card\" content=\"summary_large_image\" \/>\n<meta name=\"twitter:label1\" content=\"Tiempo de lectura\" \/>\n\t<meta name=\"twitter:data1\" content=\"11 minutos\" \/>\n<script type=\"application\/ld+json\" class=\"yoast-schema-graph\">{\"@context\":\"https:\/\/schema.org\",\"@graph\":[{\"@type\":\"WebPage\",\"@id\":\"https:\/\/www.facsa.com\/municipios\/el-agua\/\",\"url\":\"https:\/\/www.facsa.com\/municipios\/el-agua\/\",\"name\":\"El agua - Municipios FACSA\",\"isPartOf\":{\"@id\":\"https:\/\/www.facsa.com\/municipios\/#website\"},\"datePublished\":\"2015-09-18T08:38:22+00:00\",\"dateModified\":\"2022-07-07T10:40:42+00:00\",\"breadcrumb\":{\"@id\":\"https:\/\/www.facsa.com\/municipios\/el-agua\/#breadcrumb\"},\"inLanguage\":\"es\",\"potentialAction\":[{\"@type\":\"ReadAction\",\"target\":[\"https:\/\/www.facsa.com\/municipios\/el-agua\/\"]}]},{\"@type\":\"BreadcrumbList\",\"@id\":\"https:\/\/www.facsa.com\/municipios\/el-agua\/#breadcrumb\",\"itemListElement\":[{\"@type\":\"ListItem\",\"position\":1,\"name\":\"Portada\",\"item\":\"https:\/\/www.facsa.com\/municipios\/almassora\/\"},{\"@type\":\"ListItem\",\"position\":2,\"name\":\"El agua\"}]},{\"@type\":\"WebSite\",\"@id\":\"https:\/\/www.facsa.com\/municipios\/#website\",\"url\":\"https:\/\/www.facsa.com\/municipios\/\",\"name\":\"Municipios FACSA\",\"description\":\"Web de municipios de Facsa\",\"potentialAction\":[{\"@type\":\"SearchAction\",\"target\":{\"@type\":\"EntryPoint\",\"urlTemplate\":\"https:\/\/www.facsa.com\/municipios\/?s={search_term_string}\"},\"query-input\":{\"@type\":\"PropertyValueSpecification\",\"valueRequired\":true,\"valueName\":\"search_term_string\"}}],\"inLanguage\":\"es\"}]}<\/script>\n<!-- \/ Yoast SEO plugin. -->","yoast_head_json":{"title":"El agua - Municipios FACSA","robots":{"index":"index","follow":"follow","max-snippet":"max-snippet:-1","max-image-preview":"max-image-preview:large","max-video-preview":"max-video-preview:-1"},"canonical":"https:\/\/www.facsa.com\/municipios\/el-agua\/","og_locale":"es_ES","og_type":"article","og_title":"El agua - Municipios FACSA","og_description":"&nbsp; El agua es un bien escaso y un cosumo excesivo puede desequilibrar nuestro entorno natural. Por esto es necesario tomar\u00a0conciencia del gran valor y utilidad que tiene para ti y los tuyos. Saldr\u00e1s ganando en el recibo de suministro y favorecer\u00e1s al medio ambiente, asegurando as\u00ed\u00a0el abastecimiento presente y futuro. Leer m\u00e1s [...]&nbsp; El [&hellip;]","og_url":"https:\/\/www.facsa.com\/municipios\/el-agua\/","og_site_name":"Municipios FACSA","article_modified_time":"2022-07-07T10:40:42+00:00","twitter_card":"summary_large_image","twitter_misc":{"Tiempo de lectura":"11 minutos"},"schema":{"@context":"https:\/\/schema.org","@graph":[{"@type":"WebPage","@id":"https:\/\/www.facsa.com\/municipios\/el-agua\/","url":"https:\/\/www.facsa.com\/municipios\/el-agua\/","name":"El agua - Municipios FACSA","isPartOf":{"@id":"https:\/\/www.facsa.com\/municipios\/#website"},"datePublished":"2015-09-18T08:38:22+00:00","dateModified":"2022-07-07T10:40:42+00:00","breadcrumb":{"@id":"https:\/\/www.facsa.com\/municipios\/el-agua\/#breadcrumb"},"inLanguage":"es","potentialAction":[{"@type":"ReadAction","target":["https:\/\/www.facsa.com\/municipios\/el-agua\/"]}]},{"@type":"BreadcrumbList","@id":"https:\/\/www.facsa.com\/municipios\/el-agua\/#breadcrumb","itemListElement":[{"@type":"ListItem","position":1,"name":"Portada","item":"https:\/\/www.facsa.com\/municipios\/almassora\/"},{"@type":"ListItem","position":2,"name":"El agua"}]},{"@type":"WebSite","@id":"https:\/\/www.facsa.com\/municipios\/#website","url":"https:\/\/www.facsa.com\/municipios\/","name":"Municipios FACSA","description":"Web de municipios de Facsa","potentialAction":[{"@type":"SearchAction","target":{"@type":"EntryPoint","urlTemplate":"https:\/\/www.facsa.com\/municipios\/?s={search_term_string}"},"query-input":{"@type":"PropertyValueSpecification","valueRequired":true,"valueName":"search_term_string"}}],"inLanguage":"es"}]}},"_links":{"self":[{"href":"https:\/\/www.facsa.com\/municipios\/wp-json\/wp\/v2\/pages\/174","targetHints":{"allow":["GET"]}}],"collection":[{"href":"https:\/\/www.facsa.com\/municipios\/wp-json\/wp\/v2\/pages"}],"about":[{"href":"https:\/\/www.facsa.com\/municipios\/wp-json\/wp\/v2\/types\/page"}],"author":[{"embeddable":true,"href":"https:\/\/www.facsa.com\/municipios\/wp-json\/wp\/v2\/users\/1"}],"replies":[{"embeddable":true,"href":"https:\/\/www.facsa.com\/municipios\/wp-json\/wp\/v2\/comments?post=174"}],"version-history":[{"count":86,"href":"https:\/\/www.facsa.com\/municipios\/wp-json\/wp\/v2\/pages\/174\/revisions"}],"predecessor-version":[{"id":12015,"href":"https:\/\/www.facsa.com\/municipios\/wp-json\/wp\/v2\/pages\/174\/revisions\/12015"}],"wp:attachment":[{"href":"https:\/\/www.facsa.com\/municipios\/wp-json\/wp\/v2\/media?parent=174"}],"curies":[{"name":"wp","href":"https:\/\/api.w.org\/{rel}","templated":true}]}}